{"id":9720,"date":"2025-02-28T23:03:22","date_gmt":"2025-02-28T23:03:22","guid":{"rendered":"https:\/\/mexicaltzingo.gob.mx\/2022\/?page_id=9720"},"modified":"2025-02-28T23:07:02","modified_gmt":"2025-02-28T23:07:02","slug":"protesta-ciudadana","status":"publish","type":"page","link":"https:\/\/www.mexicaltzingo.gob.mx\/2022\/protesta-ciudadana\/","title":{"rendered":"Protesta Ciudadana"},"content":{"rendered":"\t\t<div data-elementor-type=\"wp-page\" data-elementor-id=\"9720\" class=\"elementor elementor-9720\">\n\t\t\t\t\t\t\t        <section class=\"elementor-section elementor-top-section elementor-element elementor-element-144edcb elementor-section-boxed elementor-section-height-default elementor-section-height-default ct-header-fixed-none\" data-id=\"144edcb\" data-element_type=\"section\">\n            \n                        <div class=\"elementor-container elementor-column-gap-default \">\n                    <div class=\"elementor-column elementor-col-100 elementor-top-column elementor-element elementor-element-9ce3149\" data-id=\"9ce3149\" data-element_type=\"column\">\n            <div class=\"elementor-widget-wrap elementor-element-populated\">\n                        \t\t<div class=\"elementor-element elementor-element-da80663 elementor-widget elementor-widget-text-editor\" data-id=\"da80663\" data-element_type=\"widget\" data-widget_type=\"text-editor.default\">\n\t\t\t\t<div class=\"elementor-widget-container\">\n\t\t\t<style>\/*! elementor - v3.6.2 - 04-04-2022 *\/\n.elementor-widget-text-editor.elementor-drop-cap-view-stacked .elementor-drop-cap{background-color:#818a91;color:#fff}.elementor-widget-text-editor.elementor-drop-cap-view-framed .elementor-drop-cap{color:#818a91;border:3px solid;background-color:transparent}.elementor-widget-text-editor:not(.elementor-drop-cap-view-default) .elementor-drop-cap{margin-top:8px}.elementor-widget-text-editor:not(.elementor-drop-cap-view-default) .elementor-drop-cap-letter{width:1em;height:1em}.elementor-widget-text-editor .elementor-drop-cap{float:left;text-align:center;line-height:1;font-size:50px}.elementor-widget-text-editor .elementor-drop-cap-letter{display:inline-block}<\/style>\t\t\t\t<p>La protesta Ciudadana tiene como objeto analizar y dar seguimiento a las peticiones e inconformidades para el cumplimiento de tr\u00e1mites y servicios solicitados por el ciudadano. El solicitante podr\u00e1 presentar una Protesta Ciudadana cuando con acciones u omisiones el servidor p\u00fablico encargado del Tr\u00e1mite o Servicio niegue la gesti\u00f3n sin causa justificada, altere o incumpla con las disposiciones de la ley en la materia;<\/p>\t\t\t\t\t\t<\/div>\n\t\t\t\t<\/div>\n\t\t            <\/div>\n        <\/div>\n                            <\/div>\n        <\/section>\n                <section class=\"elementor-section elementor-top-section elementor-element elementor-element-15ebc2a elementor-section-boxed elementor-section-height-default elementor-section-height-default ct-header-fixed-none\" data-id=\"15ebc2a\" data-element_type=\"section\">\n            \n                        <div class=\"elementor-container elementor-column-gap-default \">\n                    <div class=\"elementor-column elementor-col-100 elementor-top-column elementor-element elementor-element-7fb31bf\" data-id=\"7fb31bf\" data-element_type=\"column\">\n            <div class=\"elementor-widget-wrap elementor-element-populated\">\n                        \t\t<div class=\"elementor-element elementor-element-e866a20 elementor-widget elementor-widget-text-editor\" data-id=\"e866a20\" data-element_type=\"widget\" data-widget_type=\"text-editor.default\">\n\t\t\t\t<div class=\"elementor-widget-container\">\n\t\t\t\t\t\t\t<h3>Formatos:<\/h3><p><a href=\"https:\/\/mexicaltzingo.gob.mx\/2022\/wp-content\/uploads\/2025\/02\/Formato-protesta-1.docx\" target=\"_blank\" rel=\"noopener\">Protesta Ciudadana<\/a><\/p>\t\t\t\t\t\t<\/div>\n\t\t\t\t<\/div>\n\t\t            <\/div>\n        <\/div>\n                            <\/div>\n        <\/section>\n        \t\t\t\t\t<\/div>\n\t\t","protected":false},"excerpt":{"rendered":"<p>La protesta Ciudadana tiene como objeto analizar y dar seguimiento a las peticiones e inconformidades para el cumplimiento de tr\u00e1mites y servicios solicitados por el ciudadano. El solicitante podr\u00e1 presentar una Protesta Ciudadana cuando con acciones u omisiones el servidor p\u00fablico encargado del Tr\u00e1mite o Servicio niegue la gesti\u00f3n sin causa justificada, altere o incumpla [&hellip;]<\/p>\n","protected":false},"author":1,"featured_media":0,"parent":0,"menu_order":0,"comment_status":"closed","ping_status":"closed","template":"","meta":{"footnotes":""},"class_list":["post-9720","page","type-page","status-publish","hentry"],"_links":{"self":[{"href":"https:\/\/www.mexicaltzingo.gob.mx\/2022\/wp-json\/wp\/v2\/pages\/9720","targetHints":{"allow":["GET"]}}],"collection":[{"href":"https:\/\/www.mexicaltzingo.gob.mx\/2022\/wp-json\/wp\/v2\/pages"}],"about":[{"href":"https:\/\/www.mexicaltzingo.gob.mx\/2022\/wp-json\/wp\/v2\/types\/page"}],"author":[{"embeddable":true,"href":"https:\/\/www.mexicaltzingo.gob.mx\/2022\/wp-json\/wp\/v2\/users\/1"}],"replies":[{"embeddable":true,"href":"https:\/\/www.mexicaltzingo.gob.mx\/2022\/wp-json\/wp\/v2\/comments?post=9720"}],"version-history":[{"count":4,"href":"https:\/\/www.mexicaltzingo.gob.mx\/2022\/wp-json\/wp\/v2\/pages\/9720\/revisions"}],"predecessor-version":[{"id":9725,"href":"https:\/\/www.mexicaltzingo.gob.mx\/2022\/wp-json\/wp\/v2\/pages\/9720\/revisions\/9725"}],"wp:attachment":[{"href":"https:\/\/www.mexicaltzingo.gob.mx\/2022\/wp-json\/wp\/v2\/media?parent=9720"}],"curies":[{"name":"wp","href":"https:\/\/api.w.org\/{rel}","templated":true}]}}