{"id":7679,"date":"2023-02-23T01:45:02","date_gmt":"2023-02-23T01:45:02","guid":{"rendered":"https:\/\/mexicaltzingo.gob.mx\/2022\/?page_id=7679"},"modified":"2023-02-23T02:42:41","modified_gmt":"2023-02-23T02:42:41","slug":"plan-municipal-de-desarrollo-urbano","status":"publish","type":"page","link":"https:\/\/www.mexicaltzingo.gob.mx\/2022\/plan-municipal-de-desarrollo-urbano\/","title":{"rendered":"Plan Municipal de Desarrollo Urbano"},"content":{"rendered":"\t\t<div data-elementor-type=\"wp-page\" data-elementor-id=\"7679\" class=\"elementor elementor-7679\">\n\t\t\t\t\t\t\t        <section class=\"elementor-section elementor-top-section elementor-element elementor-element-1d249ca elementor-section-boxed elementor-section-height-default elementor-section-height-default ct-header-fixed-none\" data-id=\"1d249ca\" data-element_type=\"section\">\n            \n                        <div class=\"elementor-container elementor-column-gap-default \">\n                    <div class=\"elementor-column elementor-col-50 elementor-top-column elementor-element elementor-element-a52114f\" data-id=\"a52114f\" data-element_type=\"column\">\n            <div class=\"elementor-widget-wrap elementor-element-populated\">\n                        \t\t<div class=\"elementor-element elementor-element-86dccd7 elementor-widget elementor-widget-heading\" data-id=\"86dccd7\" data-element_type=\"widget\" data-widget_type=\"heading.default\">\n\t\t\t\t<div class=\"elementor-widget-container\">\n\t\t\t<style>\/*! elementor - v3.6.2 - 04-04-2022 *\/\n.elementor-heading-title{padding:0;margin:0;line-height:1}.elementor-widget-heading .elementor-heading-title[class*=elementor-size-]>a{color:inherit;font-size:inherit;line-height:inherit}.elementor-widget-heading .elementor-heading-title.elementor-size-small{font-size:15px}.elementor-widget-heading .elementor-heading-title.elementor-size-medium{font-size:19px}.elementor-widget-heading .elementor-heading-title.elementor-size-large{font-size:29px}.elementor-widget-heading .elementor-heading-title.elementor-size-xl{font-size:39px}.elementor-widget-heading .elementor-heading-title.elementor-size-xxl{font-size:59px}<\/style><h4 class=\"elementor-heading-title elementor-size-default\"><a href=\"https:\/\/mexicaltzingo.gob.mx\/2022\/wp-content\/uploads\/2023\/02\/TABLA-DE-USOS-MEXICALTZINGO.xlsx\" target=\"_blank\">Tabla de Usos<\/a><\/h4>\t\t<\/div>\n\t\t\t\t<\/div>\n\t\t            <\/div>\n        <\/div>\n                <div class=\"elementor-column elementor-col-50 elementor-top-column elementor-element elementor-element-683fe84\" data-id=\"683fe84\" data-element_type=\"column\">\n            <div class=\"elementor-widget-wrap elementor-element-populated\">\n                        \t\t<div class=\"elementor-element elementor-element-3814165 elementor-widget elementor-widget-heading\" data-id=\"3814165\" data-element_type=\"widget\" data-widget_type=\"heading.default\">\n\t\t\t\t<div class=\"elementor-widget-container\">\n\t\t\t<h4 class=\"elementor-heading-title elementor-size-default\"><a href=\"https:\/\/mexicaltzingo.gob.mx\/2022\/wp-content\/uploads\/2023\/02\/PMDU-MEXICALTZINGO.docx\" target=\"_blank\">Plan de Desarrollo Urbano<\/a><\/h4>\t\t<\/div>\n\t\t\t\t<\/div>\n\t\t            <\/div>\n        <\/div>\n                            <\/div>\n        <\/section>\n                <section class=\"elementor-section elementor-top-section elementor-element elementor-element-f09b9ac elementor-section-boxed elementor-section-height-default elementor-section-height-default ct-header-fixed-none\" data-id=\"f09b9ac\" data-element_type=\"section\">\n            \n                        <div class=\"elementor-container elementor-column-gap-default \">\n                    <div class=\"elementor-column elementor-col-100 elementor-top-column elementor-element elementor-element-5e215dd\" data-id=\"5e215dd\" data-element_type=\"column\">\n            <div class=\"elementor-widget-wrap elementor-element-populated\">\n                        \t\t<div class=\"elementor-element elementor-element-2a762f6 elementor-widget elementor-widget-spacer\" data-id=\"2a762f6\" data-element_type=\"widget\" data-widget_type=\"spacer.default\">\n\t\t\t\t<div class=\"elementor-widget-container\">\n\t\t\t<style>\/*! elementor - v3.6.2 - 04-04-2022 *\/\n.e-container.e-container--row .elementor-spacer-inner{width:var(--spacer-size)}.e-container.e-container--column .elementor-spacer-inner,.elementor-column .elementor-spacer-inner{height:var(--spacer-size)}<\/style>\t\t<div class=\"elementor-spacer\">\n\t\t\t<div class=\"elementor-spacer-inner\"><\/div>\n\t\t<\/div>\n\t\t\t\t<\/div>\n\t\t\t\t<\/div>\n\t\t            <\/div>\n        <\/div>\n                            <\/div>\n        <\/section>\n                <section class=\"elementor-section elementor-top-section elementor-element elementor-element-253ded9 elementor-section-boxed elementor-section-height-default elementor-section-height-default ct-header-fixed-none\" data-id=\"253ded9\" data-element_type=\"section\">\n            \n                        <div class=\"elementor-container elementor-column-gap-default \">\n                    <div class=\"elementor-column elementor-col-33 elementor-top-column elementor-element elementor-element-82d2563\" data-id=\"82d2563\" data-element_type=\"column\">\n            <div class=\"elementor-widget-wrap elementor-element-populated\">\n                        \t\t<div class=\"elementor-element elementor-element-b4f07c0 elementor-widget elementor-widget-text-editor\" data-id=\"b4f07c0\" data-element_type=\"widget\" data-widget_type=\"text-editor.default\">\n\t\t\t\t<div class=\"elementor-widget-container\">\n\t\t\t<style>\/*! elementor - v3.6.2 - 04-04-2022 *\/\n.elementor-widget-text-editor.elementor-drop-cap-view-stacked .elementor-drop-cap{background-color:#818a91;color:#fff}.elementor-widget-text-editor.elementor-drop-cap-view-framed .elementor-drop-cap{color:#818a91;border:3px solid;background-color:transparent}.elementor-widget-text-editor:not(.elementor-drop-cap-view-default) .elementor-drop-cap{margin-top:8px}.elementor-widget-text-editor:not(.elementor-drop-cap-view-default) .elementor-drop-cap-letter{width:1em;height:1em}.elementor-widget-text-editor .elementor-drop-cap{float:left;text-align:center;line-height:1;font-size:50px}.elementor-widget-text-editor .elementor-drop-cap-letter{display:inline-block}<\/style>\t\t\t\t<ul><li><a href=\"https:\/\/mexicaltzingo.gob.mx\/2022\/wp-content\/uploads\/2023\/02\/D01_Mapa-Base_Mexicaltzingo_Dic2022.pdf\" target=\"_blank\" rel=\"noopener\">Mapa Base<\/a><\/li><li><a href=\"https:\/\/mexicaltzingo.gob.mx\/2022\/wp-content\/uploads\/2023\/02\/D02_Vocacion-y-Potencialidades_Mexicaltzingo_Dic2022.pdf\" target=\"_blank\" rel=\"noopener\">Vocaci\u00f3n y Potencialidades<\/a><\/li><li><a href=\"https:\/\/mexicaltzingo.gob.mx\/2022\/wp-content\/uploads\/2023\/02\/D03_Estructura-Urbana-Actual_Mexicaltzingo_Dic2022.pdf\" target=\"_blank\" rel=\"noopener\">Estructura Urbana Actual<\/a><\/li><li><a href=\"https:\/\/mexicaltzingo.gob.mx\/2022\/wp-content\/uploads\/2023\/02\/D04_Tenencia-de-la-Tierra_Mexicaltzingo_Dic2022.pdf\" target=\"_blank\" rel=\"noopener\">Tenencia de la Tierra<\/a><\/li><\/ul>\t\t\t\t\t\t<\/div>\n\t\t\t\t<\/div>\n\t\t            <\/div>\n        <\/div>\n                <div class=\"elementor-column elementor-col-33 elementor-top-column elementor-element elementor-element-115d0a2\" data-id=\"115d0a2\" data-element_type=\"column\">\n            <div class=\"elementor-widget-wrap elementor-element-populated\">\n                        \t\t<div class=\"elementor-element elementor-element-6d86e49 elementor-widget elementor-widget-text-editor\" data-id=\"6d86e49\" data-element_type=\"widget\" data-widget_type=\"text-editor.default\">\n\t\t\t\t<div class=\"elementor-widget-container\">\n\t\t\t\t\t\t\t<ul><li><a href=\"https:\/\/mexicaltzingo.gob.mx\/2022\/wp-content\/uploads\/2023\/02\/D05_Vulnerabilidad-y-Riesgos_Mexicaltzingo_Dic2022.pdf\" target=\"_blank\" rel=\"noopener\">Vulnerabilidad y Riesgos<\/a><\/li><li><a href=\"https:\/\/mexicaltzingo.gob.mx\/2022\/wp-content\/uploads\/2023\/02\/D06_Infraestructura-y-Equipamiento_Mexicaltzingo_Dic2022.pdf\" target=\"_blank\" rel=\"noopener\">Infraestructura y Equipamiento<\/a><\/li><li><a href=\"https:\/\/mexicaltzingo.gob.mx\/2022\/wp-content\/uploads\/2023\/02\/E01_Clasificacion-Territorio_Mexicaltzingo_Dic2022.pdf\" target=\"_blank\" rel=\"noopener\">Clasificaci\u00f3n de Territorio<\/a><\/li><li><a href=\"https:\/\/mexicaltzingo.gob.mx\/2022\/wp-content\/uploads\/2023\/02\/E02_Usos-Suelo_Mexicaltzingo_Dic2022-1.pdf\" target=\"_blank\" rel=\"noopener\">Usos de Suelo<\/a><\/li><\/ul>\t\t\t\t\t\t<\/div>\n\t\t\t\t<\/div>\n\t\t            <\/div>\n        <\/div>\n                <div class=\"elementor-column elementor-col-33 elementor-top-column elementor-element elementor-element-690de14\" data-id=\"690de14\" data-element_type=\"column\">\n            <div class=\"elementor-widget-wrap elementor-element-populated\">\n                        \t\t<div class=\"elementor-element elementor-element-bf0d755 elementor-widget elementor-widget-text-editor\" data-id=\"bf0d755\" data-element_type=\"widget\" data-widget_type=\"text-editor.default\">\n\t\t\t\t<div class=\"elementor-widget-container\">\n\t\t\t\t\t\t\t<ul><li><a href=\"https:\/\/mexicaltzingo.gob.mx\/2022\/wp-content\/uploads\/2023\/02\/E03_Vialidades-y-Restricciones_Mexicaltzingo_Dic2022.pdf\" target=\"_blank\" rel=\"noopener\">Vialidades y Restricciones<\/a><\/li><li><a href=\"https:\/\/mexicaltzingo.gob.mx\/2022\/wp-content\/uploads\/2023\/02\/E04_Proyectos-Estrategicos_Mexicaltzingo_Dic2022.pdf\" target=\"_blank\" rel=\"noopener\">Proyectos Estrat\u00e9gicos<\/a><\/li><li><a href=\"https:\/\/mexicaltzingo.gob.mx\/2022\/wp-content\/uploads\/2023\/02\/E05_Imagen-Urbana_Mexicaltzingo_Dic2022.pdf\" target=\"_blank\" rel=\"noopener\">Imagen Urbana<\/a><\/li><\/ul>\t\t\t\t\t\t<\/div>\n\t\t\t\t<\/div>\n\t\t            <\/div>\n        <\/div>\n                            <\/div>\n        <\/section>\n                <section class=\"elementor-section elementor-top-section elementor-element elementor-element-33bfb2a elementor-section-boxed elementor-section-height-default elementor-section-height-default ct-header-fixed-none\" data-id=\"33bfb2a\" data-element_type=\"section\">\n            \n                        <div class=\"elementor-container elementor-column-gap-default \">\n                    <div class=\"elementor-column elementor-col-100 elementor-top-column elementor-element elementor-element-43037f0\" data-id=\"43037f0\" data-element_type=\"column\">\n            <div class=\"elementor-widget-wrap elementor-element-populated\">\n                        \t\t<div class=\"elementor-element elementor-element-8f39846 elementor-widget elementor-widget-spacer\" data-id=\"8f39846\" data-element_type=\"widget\" data-widget_type=\"spacer.default\">\n\t\t\t\t<div class=\"elementor-widget-container\">\n\t\t\t\t\t<div class=\"elementor-spacer\">\n\t\t\t<div class=\"elementor-spacer-inner\"><\/div>\n\t\t<\/div>\n\t\t\t\t<\/div>\n\t\t\t\t<\/div>\n\t\t            <\/div>\n        <\/div>\n                            <\/div>\n        <\/section>\n                <section class=\"elementor-section elementor-top-section elementor-element elementor-element-a635810 elementor-section-boxed elementor-section-height-default elementor-section-height-default ct-header-fixed-none\" data-id=\"a635810\" data-element_type=\"section\">\n            \n                        <div class=\"elementor-container elementor-column-gap-default \">\n                    <div class=\"elementor-column elementor-col-100 elementor-top-column elementor-element elementor-element-dc80a96\" data-id=\"dc80a96\" data-element_type=\"column\">\n            <div class=\"elementor-widget-wrap elementor-element-populated\">\n                        \t\t<div class=\"elementor-element elementor-element-688471e elementor-widget elementor-widget-text-editor\" data-id=\"688471e\" data-element_type=\"widget\" data-widget_type=\"text-editor.default\">\n\t\t\t\t<div class=\"elementor-widget-container\">\n\t\t\t\t\t\t\t<p style=\"text-align: center;\">Env\u00ede sus comentarios a: <a href=\"mailto:consultappdumexicaltzingo@gmail.com\">consultappdumexicaltzingo@gmail.com<\/a><\/p>\t\t\t\t\t\t<\/div>\n\t\t\t\t<\/div>\n\t\t            <\/div>\n        <\/div>\n                            <\/div>\n        <\/section>\n        \t\t\t\t\t<\/div>\n\t\t","protected":false},"excerpt":{"rendered":"<p>Tabla de Usos Plan de Desarrollo Urbano Mapa Base Vocaci\u00f3n y Potencialidades Estructura Urbana Actual Tenencia de la Tierra Vulnerabilidad y Riesgos Infraestructura y Equipamiento Clasificaci\u00f3n de Territorio Usos de Suelo Vialidades y Restricciones Proyectos Estrat\u00e9gicos Imagen Urbana Env\u00ede sus comentarios a: consultappdumexicaltzingo@gmail.com<\/p>\n","protected":false},"author":1,"featured_media":6230,"parent":0,"menu_order":0,"comment_status":"closed","ping_status":"closed","template":"","meta":{"footnotes":""},"class_list":["post-7679","page","type-page","status-publish","has-post-thumbnail","hentry"],"_links":{"self":[{"href":"https:\/\/www.mexicaltzingo.gob.mx\/2022\/wp-json\/wp\/v2\/pages\/7679","targetHints":{"allow":["GET"]}}],"collection":[{"href":"https:\/\/www.mexicaltzingo.gob.mx\/2022\/wp-json\/wp\/v2\/pages"}],"about":[{"href":"https:\/\/www.mexicaltzingo.gob.mx\/2022\/wp-json\/wp\/v2\/types\/page"}],"author":[{"embeddable":true,"href":"https:\/\/www.mexicaltzingo.gob.mx\/2022\/wp-json\/wp\/v2\/users\/1"}],"replies":[{"embeddable":true,"href":"https:\/\/www.mexicaltzingo.gob.mx\/2022\/wp-json\/wp\/v2\/comments?post=7679"}],"version-history":[{"count":28,"href":"https:\/\/www.mexicaltzingo.gob.mx\/2022\/wp-json\/wp\/v2\/pages\/7679\/revisions"}],"predecessor-version":[{"id":7724,"href":"https:\/\/www.mexicaltzingo.gob.mx\/2022\/wp-json\/wp\/v2\/pages\/7679\/revisions\/7724"}],"wp:featuredmedia":[{"embeddable":true,"href":"https:\/\/www.mexicaltzingo.gob.mx\/2022\/wp-json\/wp\/v2\/media\/6230"}],"wp:attachment":[{"href":"https:\/\/www.mexicaltzingo.gob.mx\/2022\/wp-json\/wp\/v2\/media?parent=7679"}],"curies":[{"name":"wp","href":"https:\/\/api.w.org\/{rel}","templated":true}]}}