{"id":7249,"date":"2022-10-10T23:07:57","date_gmt":"2022-10-10T23:07:57","guid":{"rendered":"https:\/\/mexicaltzingo.gob.mx\/2022\/?page_id=7249"},"modified":"2022-10-10T23:10:10","modified_gmt":"2022-10-10T23:10:10","slug":"canje-de-armas","status":"publish","type":"page","link":"https:\/\/www.mexicaltzingo.gob.mx\/2022\/canje-de-armas\/","title":{"rendered":"Canje de Armas"},"content":{"rendered":"\t\t<div data-elementor-type=\"wp-page\" data-elementor-id=\"7249\" class=\"elementor elementor-7249\">\n\t\t\t\t\t\t\t        <section class=\"elementor-section elementor-top-section elementor-element elementor-element-bf5252b elementor-section-boxed elementor-section-height-default elementor-section-height-default ct-header-fixed-none\" data-id=\"bf5252b\" data-element_type=\"section\">\n            \n                        <div class=\"elementor-container elementor-column-gap-default \">\n                    <div class=\"elementor-column elementor-col-50 elementor-top-column elementor-element elementor-element-f990838\" data-id=\"f990838\" data-element_type=\"column\">\n            <div class=\"elementor-widget-wrap elementor-element-populated\">\n                        \t\t<div class=\"elementor-element elementor-element-777b4eb elementor-widget elementor-widget-image\" data-id=\"777b4eb\" data-element_type=\"widget\" data-widget_type=\"image.default\">\n\t\t\t\t<div class=\"elementor-widget-container\">\n\t\t\t<style>\/*! elementor - v3.6.2 - 04-04-2022 *\/\n.elementor-widget-image{text-align:center}.elementor-widget-image a{display:inline-block}.elementor-widget-image a img[src$=\".svg\"]{width:48px}.elementor-widget-image img{vertical-align:middle;display:inline-block}<\/style>\t\t\t\t\t\t\t\t\t\t\t\t<img decoding=\"async\" width=\"640\" height=\"479\" src=\"https:\/\/www.mexicaltzingo.gob.mx\/2022\/wp-content\/uploads\/2022\/10\/canje-1.jpeg\" class=\"attachment-large size-large\" alt=\"\" srcset=\"https:\/\/www.mexicaltzingo.gob.mx\/2022\/wp-content\/uploads\/2022\/10\/canje-1.jpeg 1024w, https:\/\/www.mexicaltzingo.gob.mx\/2022\/wp-content\/uploads\/2022\/10\/canje-1-300x225.jpeg 300w, https:\/\/www.mexicaltzingo.gob.mx\/2022\/wp-content\/uploads\/2022\/10\/canje-1-768x575.jpeg 768w, https:\/\/www.mexicaltzingo.gob.mx\/2022\/wp-content\/uploads\/2022\/10\/canje-1-600x450.jpeg 600w\" sizes=\"(max-width: 640px) 100vw, 640px\" \/>\t\t\t\t\t\t\t\t\t\t\t\t\t\t\t<\/div>\n\t\t\t\t<\/div>\n\t\t            <\/div>\n        <\/div>\n                <div class=\"elementor-column elementor-col-50 elementor-top-column elementor-element elementor-element-e02f5d5\" data-id=\"e02f5d5\" data-element_type=\"column\">\n            <div class=\"elementor-widget-wrap elementor-element-populated\">\n                        \t\t<div class=\"elementor-element elementor-element-09b76c9 elementor-widget elementor-widget-image\" data-id=\"09b76c9\" data-element_type=\"widget\" data-widget_type=\"image.default\">\n\t\t\t\t<div class=\"elementor-widget-container\">\n\t\t\t\t\t\t\t\t\t\t\t\t\t\t\t<img decoding=\"async\" width=\"640\" height=\"426\" src=\"https:\/\/www.mexicaltzingo.gob.mx\/2022\/wp-content\/uploads\/2022\/10\/canej-2.jpeg\" class=\"attachment-large size-large\" alt=\"\" srcset=\"https:\/\/www.mexicaltzingo.gob.mx\/2022\/wp-content\/uploads\/2022\/10\/canej-2.jpeg 1024w, https:\/\/www.mexicaltzingo.gob.mx\/2022\/wp-content\/uploads\/2022\/10\/canej-2-300x200.jpeg 300w, https:\/\/www.mexicaltzingo.gob.mx\/2022\/wp-content\/uploads\/2022\/10\/canej-2-768x512.jpeg 768w\" sizes=\"(max-width: 640px) 100vw, 640px\" \/>\t\t\t\t\t\t\t\t\t\t\t\t\t\t\t<\/div>\n\t\t\t\t<\/div>\n\t\t            <\/div>\n        <\/div>\n                            <\/div>\n        <\/section>\n                <section class=\"elementor-section elementor-top-section elementor-element elementor-element-17c032d elementor-section-boxed elementor-section-height-default elementor-section-height-default ct-header-fixed-none\" data-id=\"17c032d\" data-element_type=\"section\">\n            \n                        <div class=\"elementor-container elementor-column-gap-default \">\n                    <div class=\"elementor-column elementor-col-16 elementor-top-column elementor-element elementor-element-85995f6\" data-id=\"85995f6\" data-element_type=\"column\">\n            <div class=\"elementor-widget-wrap\">\n                                    <\/div>\n        <\/div>\n                <div class=\"elementor-column elementor-col-66 elementor-top-column elementor-element elementor-element-efa93c6\" data-id=\"efa93c6\" data-element_type=\"column\">\n            <div class=\"elementor-widget-wrap elementor-element-populated\">\n                        \t\t<div class=\"elementor-element elementor-element-bc0ae30 elementor-widget elementor-widget-text-editor\" data-id=\"bc0ae30\" data-element_type=\"widget\" data-widget_type=\"text-editor.default\">\n\t\t\t\t<div class=\"elementor-widget-container\">\n\t\t\t<style>\/*! elementor - v3.6.2 - 04-04-2022 *\/\n.elementor-widget-text-editor.elementor-drop-cap-view-stacked .elementor-drop-cap{background-color:#818a91;color:#fff}.elementor-widget-text-editor.elementor-drop-cap-view-framed .elementor-drop-cap{color:#818a91;border:3px solid;background-color:transparent}.elementor-widget-text-editor:not(.elementor-drop-cap-view-default) .elementor-drop-cap{margin-top:8px}.elementor-widget-text-editor:not(.elementor-drop-cap-view-default) .elementor-drop-cap-letter{width:1em;height:1em}.elementor-widget-text-editor .elementor-drop-cap{float:left;text-align:center;line-height:1;font-size:50px}.elementor-widget-text-editor .elementor-drop-cap-letter{display:inline-block}<\/style>\t\t\t\t<p>En conjunto con la Secretar\u00eda de Seguridad del Estado de M\u00e9xico y la Secretar\u00eda de la Defensa Nacional, iniciamos el programa de #CanjeDeArmas, tenemos que trabajar en unidad para sacar las armas de las calles y eliminarlas de nuestras vidas. Por un municipio sin armas.<br \/>#GobiernoqueSirveconPasi\u00f3n<\/p>\t\t\t\t\t\t<\/div>\n\t\t\t\t<\/div>\n\t\t\t\t<div class=\"elementor-element elementor-element-d6e901a elementor-widget elementor-widget-spacer\" data-id=\"d6e901a\" data-element_type=\"widget\" data-widget_type=\"spacer.default\">\n\t\t\t\t<div class=\"elementor-widget-container\">\n\t\t\t<style>\/*! elementor - v3.6.2 - 04-04-2022 *\/\n.e-container.e-container--row .elementor-spacer-inner{width:var(--spacer-size)}.e-container.e-container--column .elementor-spacer-inner,.elementor-column .elementor-spacer-inner{height:var(--spacer-size)}<\/style>\t\t<div class=\"elementor-spacer\">\n\t\t\t<div class=\"elementor-spacer-inner\"><\/div>\n\t\t<\/div>\n\t\t\t\t<\/div>\n\t\t\t\t<\/div>\n\t\t            <\/div>\n        <\/div>\n                <div class=\"elementor-column elementor-col-16 elementor-top-column elementor-element elementor-element-b5fd1f5\" data-id=\"b5fd1f5\" data-element_type=\"column\">\n            <div class=\"elementor-widget-wrap\">\n                                    <\/div>\n        <\/div>\n                            <\/div>\n        <\/section>\n        \t\t\t\t\t<\/div>\n\t\t","protected":false},"excerpt":{"rendered":"<p>En conjunto con la Secretar\u00eda de Seguridad del Estado de M\u00e9xico y la Secretar\u00eda de la Defensa Nacional, iniciamos el programa de #CanjeDeArmas, tenemos que trabajar en unidad para sacar las armas de las calles y eliminarlas de nuestras vidas. Por un municipio sin armas.#GobiernoqueSirveconPasi\u00f3n<\/p>\n","protected":false},"author":1,"featured_media":0,"parent":0,"menu_order":0,"comment_status":"closed","ping_status":"closed","template":"","meta":{"footnotes":""},"class_list":["post-7249","page","type-page","status-publish","hentry"],"_links":{"self":[{"href":"https:\/\/www.mexicaltzingo.gob.mx\/2022\/wp-json\/wp\/v2\/pages\/7249","targetHints":{"allow":["GET"]}}],"collection":[{"href":"https:\/\/www.mexicaltzingo.gob.mx\/2022\/wp-json\/wp\/v2\/pages"}],"about":[{"href":"https:\/\/www.mexicaltzingo.gob.mx\/2022\/wp-json\/wp\/v2\/types\/page"}],"author":[{"embeddable":true,"href":"https:\/\/www.mexicaltzingo.gob.mx\/2022\/wp-json\/wp\/v2\/users\/1"}],"replies":[{"embeddable":true,"href":"https:\/\/www.mexicaltzingo.gob.mx\/2022\/wp-json\/wp\/v2\/comments?post=7249"}],"version-history":[{"count":4,"href":"https:\/\/www.mexicaltzingo.gob.mx\/2022\/wp-json\/wp\/v2\/pages\/7249\/revisions"}],"predecessor-version":[{"id":7255,"href":"https:\/\/www.mexicaltzingo.gob.mx\/2022\/wp-json\/wp\/v2\/pages\/7249\/revisions\/7255"}],"wp:attachment":[{"href":"https:\/\/www.mexicaltzingo.gob.mx\/2022\/wp-json\/wp\/v2\/media?parent=7249"}],"curies":[{"name":"wp","href":"https:\/\/api.w.org\/{rel}","templated":true}]}}