{"id":6924,"date":"2022-09-12T19:41:23","date_gmt":"2022-09-12T19:41:23","guid":{"rendered":"https:\/\/mexicaltzingo.gob.mx\/2022\/?page_id=6924"},"modified":"2025-02-28T23:51:23","modified_gmt":"2025-02-28T23:51:23","slug":"tramites-y-servicios","status":"publish","type":"page","link":"https:\/\/www.mexicaltzingo.gob.mx\/2022\/tramites-y-servicios\/","title":{"rendered":"Tr\u00e1mites y Servicios"},"content":{"rendered":"\t\t<div data-elementor-type=\"wp-page\" data-elementor-id=\"6924\" class=\"elementor elementor-6924\">\n\t\t\t\t\t\t\t        <section class=\"elementor-section elementor-top-section elementor-element elementor-element-fa19e71 elementor-section-boxed elementor-section-height-default elementor-section-height-default ct-header-fixed-none\" data-id=\"fa19e71\" data-element_type=\"section\">\n            \n                        <div class=\"elementor-container elementor-column-gap-default \">\n                    <div class=\"elementor-column elementor-col-100 elementor-top-column elementor-element elementor-element-3bfb795\" data-id=\"3bfb795\" data-element_type=\"column\">\n            <div class=\"elementor-widget-wrap elementor-element-populated\">\n                        \t\t<div class=\"elementor-element elementor-element-1a828bf elementor-widget elementor-widget-text-editor\" data-id=\"1a828bf\" data-element_type=\"widget\" data-widget_type=\"text-editor.default\">\n\t\t\t\t<div class=\"elementor-widget-container\">\n\t\t\t<style>\/*! elementor - v3.6.2 - 04-04-2022 *\/\n.elementor-widget-text-editor.elementor-drop-cap-view-stacked .elementor-drop-cap{background-color:#818a91;color:#fff}.elementor-widget-text-editor.elementor-drop-cap-view-framed .elementor-drop-cap{color:#818a91;border:3px solid;background-color:transparent}.elementor-widget-text-editor:not(.elementor-drop-cap-view-default) .elementor-drop-cap{margin-top:8px}.elementor-widget-text-editor:not(.elementor-drop-cap-view-default) .elementor-drop-cap-letter{width:1em;height:1em}.elementor-widget-text-editor .elementor-drop-cap{float:left;text-align:center;line-height:1;font-size:50px}.elementor-widget-text-editor .elementor-drop-cap-letter{display:inline-block}<\/style>\t\t\t\t<ul><li><a href=\"https:\/\/mexicaltzingo.gob.mx\/2022\/wp-content\/uploads\/2025\/02\/Remtys-Desarrollo-Economico-y-Empleo.pdf\" target=\"_blank\" rel=\"noopener\">Direcci\u00f3n de Desarrollo Econ\u00f3mico y Empleo\u00a0<\/a><\/li><li><a href=\"https:\/\/mexicaltzingo.gob.mx\/2022\/wp-content\/uploads\/2025\/02\/Cedulas-Desarrollo-Urbano.pdf\" target=\"_blank\" rel=\"noopener\">Direcci\u00f3n De Desarrollo Urbano<\/a><\/li><li><a href=\"https:\/\/mexicaltzingo.gob.mx\/2022\/wp-content\/uploads\/2025\/02\/Remtys-Secretaria-del-Ayuntamiento.pdf\" target=\"_blank\" rel=\"noopener\">Secretaria del Ayuntamiento<\/a><\/li><li><a href=\"https:\/\/mexicaltzingo.gob.mx\/2022\/wp-content\/uploads\/2025\/02\/Ecologia.pdf\" target=\"_blank\" rel=\"noopener\">Coordinaci\u00f3n de Ecolog\u00eda Medio Ambiente y Desarrollo Agropecuario<\/a><\/li><li><a href=\"https:\/\/mexicaltzingo.gob.mx\/2022\/wp-content\/uploads\/2025\/02\/SERVICIOS-PUBLICOS.pdf\" target=\"_blank\" rel=\"noopener\">Direcci\u00f3n de Servicios P\u00fablicos<\/a><\/li><li><a href=\"https:\/\/mexicaltzingo.gob.mx\/2022\/wp-content\/uploads\/2025\/02\/Cedulas-Mediador.pdf\" target=\"_blank\" rel=\"noopener\">Mediador, Conciliador y Facilitador<\/a><\/li><li><a href=\"https:\/\/mexicaltzingo.gob.mx\/2022\/wp-content\/uploads\/2025\/02\/CULTURA-Y-TURISMO.pdf\" target=\"_blank\" rel=\"noopener\">Cultura y Turismo<\/a><\/li><li><a href=\"https:\/\/mexicaltzingo.gob.mx\/2022\/wp-content\/uploads\/2025\/02\/cedula-salud.pdf\" target=\"_blank\" rel=\"noopener\">Salud y Poblaci\u00f3n<\/a><\/li><li><a href=\"https:\/\/mexicaltzingo.gob.mx\/2022\/wp-content\/uploads\/2025\/02\/SEGURIDAD-PUBLICA.pdf\" target=\"_blank\" rel=\"noopener\">Seguridad P\u00fablica<\/a><\/li><li><a href=\"https:\/\/mexicaltzingo.gob.mx\/2022\/wp-content\/uploads\/2025\/02\/PROTECCION-CIVIL.pdf\" target=\"_blank\" rel=\"noopener\">Coordinaci\u00f3n de Protecci\u00f3n Civil y Bomberos<\/a><\/li><li><a href=\"https:\/\/mexicaltzingo.gob.mx\/2022\/wp-content\/uploads\/2025\/02\/JUNTA-DE-RECLUTAMIENTO.pdf\" target=\"_blank\" rel=\"noopener\">Junta Municipal de Reclutamiento<\/a><\/li><li><a href=\"https:\/\/mexicaltzingo.gob.mx\/2022\/wp-content\/uploads\/2025\/02\/CEDULAS-INCUFIDEM.pdf\" target=\"_blank\" rel=\"noopener\">IMCUFIDEM<\/a><\/li><li><a href=\"https:\/\/mexicaltzingo.gob.mx\/2022\/wp-content\/uploads\/2025\/02\/TESORERIA.pdf\" target=\"_blank\" rel=\"noopener\">Tesorer\u00eda Municipal<\/a><\/li><li><a href=\"https:\/\/mexicaltzingo.gob.mx\/2022\/wp-content\/uploads\/2025\/02\/REGISTRO-CIVIL.pdf\" target=\"_blank\" rel=\"noopener\">Registro Civil<\/a><\/li><li><a href=\"https:\/\/mexicaltzingo.gob.mx\/2022\/wp-content\/uploads\/2025\/02\/CEDULAS-DERECHOS-HUMANOS.pdf\" target=\"_blank\" rel=\"noopener\">Defensora Municipal de los Derechos Humanos<\/a><\/li><li><a href=\"https:\/\/mexicaltzingo.gob.mx\/2022\/wp-content\/uploads\/2025\/02\/cedula-contraloria-.pdf\" target=\"_blank\" rel=\"noopener\">Contralor\u00eda<\/a><\/li><li><a href=\"https:\/\/mexicaltzingo.gob.mx\/2022\/wp-content\/uploads\/2025\/02\/DERECHO-DE-LA-MUJER.pdf\" target=\"_blank\" rel=\"noopener\">Instituto Municipal para los Derechos de la Mujer\u00a0<\/a><\/li><li><a href=\"https:\/\/mexicaltzingo.gob.mx\/2022\/wp-content\/uploads\/2025\/02\/PANTEONES.pdf\" target=\"_blank\" rel=\"noopener\">Coordinaci\u00f3n de Panteones\u00a0<\/a><\/li><\/ul>\t\t\t\t\t\t<\/div>\n\t\t\t\t<\/div>\n\t\t            <\/div>\n        <\/div>\n                            <\/div>\n        <\/section>\n        \t\t\t\t\t<\/div>\n\t\t","protected":false},"excerpt":{"rendered":"<p>Direcci\u00f3n de Desarrollo Econ\u00f3mico y Empleo\u00a0 Direcci\u00f3n De Desarrollo Urbano Secretaria del Ayuntamiento Coordinaci\u00f3n de Ecolog\u00eda Medio Ambiente y Desarrollo Agropecuario Direcci\u00f3n de Servicios P\u00fablicos Mediador, Conciliador y Facilitador Cultura y Turismo Salud y Poblaci\u00f3n Seguridad P\u00fablica Coordinaci\u00f3n de Protecci\u00f3n Civil y Bomberos Junta Municipal de Reclutamiento IMCUFIDEM Tesorer\u00eda Municipal Registro Civil Defensora Municipal de [&hellip;]<\/p>\n","protected":false},"author":1,"featured_media":0,"parent":0,"menu_order":0,"comment_status":"closed","ping_status":"closed","template":"","meta":{"footnotes":""},"class_list":["post-6924","page","type-page","status-publish","hentry"],"_links":{"self":[{"href":"https:\/\/www.mexicaltzingo.gob.mx\/2022\/wp-json\/wp\/v2\/pages\/6924","targetHints":{"allow":["GET"]}}],"collection":[{"href":"https:\/\/www.mexicaltzingo.gob.mx\/2022\/wp-json\/wp\/v2\/pages"}],"about":[{"href":"https:\/\/www.mexicaltzingo.gob.mx\/2022\/wp-json\/wp\/v2\/types\/page"}],"author":[{"embeddable":true,"href":"https:\/\/www.mexicaltzingo.gob.mx\/2022\/wp-json\/wp\/v2\/users\/1"}],"replies":[{"embeddable":true,"href":"https:\/\/www.mexicaltzingo.gob.mx\/2022\/wp-json\/wp\/v2\/comments?post=6924"}],"version-history":[{"count":19,"href":"https:\/\/www.mexicaltzingo.gob.mx\/2022\/wp-json\/wp\/v2\/pages\/6924\/revisions"}],"predecessor-version":[{"id":9784,"href":"https:\/\/www.mexicaltzingo.gob.mx\/2022\/wp-json\/wp\/v2\/pages\/6924\/revisions\/9784"}],"wp:attachment":[{"href":"https:\/\/www.mexicaltzingo.gob.mx\/2022\/wp-json\/wp\/v2\/media?parent=6924"}],"curies":[{"name":"wp","href":"https:\/\/api.w.org\/{rel}","templated":true}]}}