{"id":6842,"date":"2022-09-10T18:05:04","date_gmt":"2022-09-10T18:05:04","guid":{"rendered":"https:\/\/mexicaltzingo.gob.mx\/2022\/?page_id=6842"},"modified":"2022-09-10T20:10:07","modified_gmt":"2022-09-10T20:10:07","slug":"actas-de-sesiones-ordinarias%ef%bf%bc","status":"publish","type":"page","link":"https:\/\/www.mexicaltzingo.gob.mx\/2022\/comites-internos%ef%bf%bc\/actas-de-sesiones-ordinarias%ef%bf%bc\/","title":{"rendered":"Actas de Sesiones Ordinarias\ufffc"},"content":{"rendered":"\t\t<div data-elementor-type=\"wp-page\" data-elementor-id=\"6842\" class=\"elementor elementor-6842\">\n\t\t\t\t\t\t\t        <section class=\"elementor-section elementor-top-section elementor-element elementor-element-f7deb20 elementor-section-boxed elementor-section-height-default elementor-section-height-default ct-header-fixed-none\" data-id=\"f7deb20\" data-element_type=\"section\">\n            \n                        <div class=\"elementor-container elementor-column-gap-default \">\n                    <div class=\"elementor-column elementor-col-66 elementor-top-column elementor-element elementor-element-35963b0\" data-id=\"35963b0\" data-element_type=\"column\">\n            <div class=\"elementor-widget-wrap elementor-element-populated\">\n                        \t\t<div class=\"elementor-element elementor-element-1dfbdff elementor-widget elementor-widget-text-editor\" data-id=\"1dfbdff\" data-element_type=\"widget\" data-widget_type=\"text-editor.default\">\n\t\t\t\t<div class=\"elementor-widget-container\">\n\t\t\t<style>\/*! elementor - v3.6.2 - 04-04-2022 *\/\n.elementor-widget-text-editor.elementor-drop-cap-view-stacked .elementor-drop-cap{background-color:#818a91;color:#fff}.elementor-widget-text-editor.elementor-drop-cap-view-framed .elementor-drop-cap{color:#818a91;border:3px solid;background-color:transparent}.elementor-widget-text-editor:not(.elementor-drop-cap-view-default) .elementor-drop-cap{margin-top:8px}.elementor-widget-text-editor:not(.elementor-drop-cap-view-default) .elementor-drop-cap-letter{width:1em;height:1em}.elementor-widget-text-editor .elementor-drop-cap{float:left;text-align:center;line-height:1;font-size:50px}.elementor-widget-text-editor .elementor-drop-cap-letter{display:inline-block}<\/style>\t\t\t\t<ul><li><a href=\"https:\/\/mexicaltzingo.gob.mx\/2022\/wp-content\/uploads\/2022\/09\/comites-internos_13-08-2020.pdf\" target=\"_blank\" rel=\"noopener\">Comit\u00e9s Internos 13-08 2020<\/a><\/li><li><a href=\"https:\/\/mexicaltzingo.gob.mx\/2022\/wp-content\/uploads\/2022\/09\/comites-internos-2_13-08-2020.pdf\" target=\"_blank\" rel=\"noopener\">Comit\u00e9s Internos 2 13-08 2020<\/a><\/li><li><a href=\"https:\/\/mexicaltzingo.gob.mx\/2022\/wp-content\/uploads\/2022\/09\/comites-internos-3_13-08-2020-.pdf\" target=\"_blank\" rel=\"noopener\">Comit\u00e9s Internos 3 13-08 2020<\/a><\/li><li><a href=\"https:\/\/mexicaltzingo.gob.mx\/2022\/wp-content\/uploads\/2022\/09\/RASTRO-MUNICIPAL..pdf\" target=\"_blank\" rel=\"noopener\">Rastro Municipal<\/a><\/li><li><a href=\"https:\/\/mexicaltzingo.gob.mx\/2022\/wp-content\/uploads\/2022\/09\/DIRECCION-DE-OBRAS-PUBLICAS.pdf\" target=\"_blank\" rel=\"noopener\">Direcci\u00f3n de Obras P\u00fablicas<\/a><\/li><li><a href=\"https:\/\/mexicaltzingo.gob.mx\/2022\/wp-content\/uploads\/2022\/09\/IMCUFIDEM.pdf\" target=\"_blank\" rel=\"noopener\">IMCUFIDEM<\/a><\/li><li><a href=\"https:\/\/mexicaltzingo.gob.mx\/2022\/wp-content\/uploads\/2022\/09\/Tesoreria-Municipal.pdf\" target=\"_blank\" rel=\"noopener\">Tesorer\u00eda Municipal<\/a><\/li><li><a href=\"https:\/\/mexicaltzingo.gob.mx\/2022\/wp-content\/uploads\/2022\/09\/Servicios-Publicos-e-Image-Urbana.pdf\" target=\"_blank\" rel=\"noopener\">Servicios P\u00fablicos e Imagen Urbana<\/a><\/li><li><a href=\"https:\/\/mexicaltzingo.gob.mx\/2022\/wp-content\/uploads\/2022\/09\/Seguridad-Publica.pdf\" target=\"_blank\" rel=\"noopener\">Seguridad P\u00fablica<\/a><\/li><li><a href=\"https:\/\/mexicaltzingo.gob.mx\/2022\/wp-content\/uploads\/2022\/09\/Secretaria-del-Ayuntamiento.pdf\" target=\"_blank\" rel=\"noopener\">Secretar\u00eda del Ayuntamiento<\/a><\/li><li><a href=\"https:\/\/mexicaltzingo.gob.mx\/2022\/wp-content\/uploads\/2022\/09\/Instituto-para-la-Proteccion-de-los-Derechos-de-las-Mujeres.pdf\" target=\"_blank\" rel=\"noopener\">Instituto de Protecci\u00f3n de los Derechos de las Mujeres<\/a><\/li><li><a href=\"https:\/\/mexicaltzingo.gob.mx\/2022\/wp-content\/uploads\/2022\/09\/IMCUFIDEM-2.pdf\" target=\"_blank\" rel=\"noopener\">IMCUFIDEM 2<\/a><\/li><li><a href=\"https:\/\/mexicaltzingo.gob.mx\/2022\/wp-content\/uploads\/2022\/09\/Direccion-de-Gobernacion.pdf\" target=\"_blank\" rel=\"noopener\">Direcci\u00f3n de Gobernaci\u00f3n<\/a><\/li><li><a href=\"https:\/\/mexicaltzingo.gob.mx\/2022\/wp-content\/uploads\/2022\/09\/Direccion-de-Desarrollo-Urbano.pdf\" target=\"_blank\" rel=\"noopener\">Direcci\u00f3n de Desarrollo Urbano<\/a><\/li><li><a href=\"https:\/\/mexicaltzingo.gob.mx\/2022\/wp-content\/uploads\/2022\/09\/Direccion-de-Casa-de-Cultura.pdf\" target=\"_blank\" rel=\"noopener\">Direcci\u00f3n de Casa de Cultura<\/a><\/li><li><a href=\"https:\/\/mexicaltzingo.gob.mx\/2022\/wp-content\/uploads\/2022\/09\/Direccion-de-Administracion.pdf\" target=\"_blank\" rel=\"noopener\">Direcci\u00f3n de Administraci\u00f3n<\/a><\/li><li><a href=\"https:\/\/mexicaltzingo.gob.mx\/2022\/wp-content\/uploads\/2022\/09\/Desarrollo-Economico.pdf\" target=\"_blank\" rel=\"noopener\">Desarrollo Econ\u00f3mico<\/a><\/li><li><a href=\"https:\/\/mexicaltzingo.gob.mx\/2022\/wp-content\/uploads\/2022\/09\/Departamento-de-Control-Patrimonial.pdf\" target=\"_blank\" rel=\"noopener\">Departamento de Control Patrimonial<\/a><\/li><li><a href=\"https:\/\/mexicaltzingo.gob.mx\/2022\/wp-content\/uploads\/2022\/09\/Coordinacion-de-Proteccion-Civil-y-Bomberos.pdf\" target=\"_blank\" rel=\"noopener\">Coordinaci\u00f3n de Protecci\u00f3n Civil y Bomberos<\/a><\/li><li><a href=\"https:\/\/mexicaltzingo.gob.mx\/2022\/wp-content\/uploads\/2022\/09\/Coordinacion-de-Catastro.pdf\" target=\"_blank\" rel=\"noopener\">Coordinaci\u00f3n de Catastro<\/a><\/li><li><a href=\"https:\/\/mexicaltzingo.gob.mx\/2022\/wp-content\/uploads\/2022\/09\/UIPPE.pdf\" target=\"_blank\" rel=\"noopener\">UIPPE<\/a><\/li><li><a href=\"https:\/\/mexicaltzingo.gob.mx\/2022\/wp-content\/uploads\/2022\/09\/Sistema-Municipal-DIF.pdf\" target=\"_blank\" rel=\"noopener\">Sistema Municipal DIF<\/a><\/li><li><a href=\"https:\/\/mexicaltzingo.gob.mx\/2022\/wp-content\/uploads\/2022\/09\/Oficialias-Mediadora-Conciliadora-Calificadora..pdf\" target=\"_blank\" rel=\"noopener\">Oficial\u00edas Mediadora, Conciliadora y Calificadora<\/a><\/li><li><a href=\"https:\/\/mexicaltzingo.gob.mx\/2022\/wp-content\/uploads\/2022\/09\/Direccion-de-Ecologia-y-Medio-Ambiente..pdf\" target=\"_blank\" rel=\"noopener\">Direcci\u00f3n de Ecolog\u00eda y Medio Ambiente<\/a><\/li><li><a href=\"https:\/\/mexicaltzingo.gob.mx\/2022\/wp-content\/uploads\/2022\/09\/Direccion-de-Comuniciacion-Social.pdf\" target=\"_blank\" rel=\"noopener\">Direcci\u00f3n de Comunicaci\u00f3n Social<\/a><\/li><li><a href=\"https:\/\/mexicaltzingo.gob.mx\/2022\/wp-content\/uploads\/2022\/09\/Contraloria-Municipal.pdf\" target=\"_blank\" rel=\"noopener\">Contralor\u00eda Municipal<\/a><\/li><li><a href=\"https:\/\/mexicaltzingo.gob.mx\/2022\/wp-content\/uploads\/2022\/09\/Seguridad-Publica-2.pdf\" target=\"_blank\" rel=\"noopener\">Seguridad P\u00fablica<\/a><\/li><li><a href=\"https:\/\/mexicaltzingo.gob.mx\/2022\/wp-content\/uploads\/2022\/09\/Coordinacion-de-Salud.pdf\" target=\"_blank\" rel=\"noopener\">Coordinaci\u00f3n de Salud<\/a><\/li><li><a href=\"https:\/\/mexicaltzingo.gob.mx\/2022\/wp-content\/uploads\/2022\/09\/Coordinacion-de-Panteones.pdf\" target=\"_blank\" rel=\"noopener\">Coordinaci\u00f3n de Panteones<\/a><\/li><li><a href=\"https:\/\/mexicaltzingo.gob.mx\/2022\/wp-content\/uploads\/2022\/09\/Casa-de-Cultura-2.pdf\" target=\"_blank\" rel=\"noopener\">Casa de Cultura 2<\/a><\/li><\/ul>\t\t\t\t\t\t<\/div>\n\t\t\t\t<\/div>\n\t\t            <\/div>\n        <\/div>\n                <div class=\"elementor-column elementor-col-33 elementor-top-column elementor-element elementor-element-3a6d14b\" data-id=\"3a6d14b\" data-element_type=\"column\">\n            <div class=\"elementor-widget-wrap\">\n                                    <\/div>\n        <\/div>\n                            <\/div>\n        <\/section>\n        \t\t\t\t\t<\/div>\n\t\t","protected":false},"excerpt":{"rendered":"<p>Comit\u00e9s Internos 13-08 2020 Comit\u00e9s Internos 2 13-08 2020 Comit\u00e9s Internos 3 13-08 2020 Rastro Municipal Direcci\u00f3n de Obras P\u00fablicas IMCUFIDEM Tesorer\u00eda Municipal Servicios P\u00fablicos e Imagen Urbana Seguridad P\u00fablica Secretar\u00eda del Ayuntamiento Instituto de Protecci\u00f3n de los Derechos de las Mujeres IMCUFIDEM 2 Direcci\u00f3n de Gobernaci\u00f3n Direcci\u00f3n de Desarrollo Urbano Direcci\u00f3n de Casa de [&hellip;]<\/p>\n","protected":false},"author":1,"featured_media":0,"parent":6840,"menu_order":1,"comment_status":"closed","ping_status":"closed","template":"","meta":{"footnotes":""},"class_list":["post-6842","page","type-page","status-publish","hentry"],"_links":{"self":[{"href":"https:\/\/www.mexicaltzingo.gob.mx\/2022\/wp-json\/wp\/v2\/pages\/6842","targetHints":{"allow":["GET"]}}],"collection":[{"href":"https:\/\/www.mexicaltzingo.gob.mx\/2022\/wp-json\/wp\/v2\/pages"}],"about":[{"href":"https:\/\/www.mexicaltzingo.gob.mx\/2022\/wp-json\/wp\/v2\/types\/page"}],"author":[{"embeddable":true,"href":"https:\/\/www.mexicaltzingo.gob.mx\/2022\/wp-json\/wp\/v2\/users\/1"}],"replies":[{"embeddable":true,"href":"https:\/\/www.mexicaltzingo.gob.mx\/2022\/wp-json\/wp\/v2\/comments?post=6842"}],"version-history":[{"count":28,"href":"https:\/\/www.mexicaltzingo.gob.mx\/2022\/wp-json\/wp\/v2\/pages\/6842\/revisions"}],"predecessor-version":[{"id":6907,"href":"https:\/\/www.mexicaltzingo.gob.mx\/2022\/wp-json\/wp\/v2\/pages\/6842\/revisions\/6907"}],"up":[{"embeddable":true,"href":"https:\/\/www.mexicaltzingo.gob.mx\/2022\/wp-json\/wp\/v2\/pages\/6840"}],"wp:attachment":[{"href":"https:\/\/www.mexicaltzingo.gob.mx\/2022\/wp-json\/wp\/v2\/media?parent=6842"}],"curies":[{"name":"wp","href":"https:\/\/api.w.org\/{rel}","templated":true}]}}