{"id":6719,"date":"2022-09-05T00:24:49","date_gmt":"2022-09-05T00:24:49","guid":{"rendered":"https:\/\/mexicaltzingo.gob.mx\/2022\/?page_id=6719"},"modified":"2025-05-13T19:13:10","modified_gmt":"2025-05-13T19:13:10","slug":"titulo-v-imcufidem","status":"publish","type":"page","link":"https:\/\/www.mexicaltzingo.gob.mx\/2022\/titulo-v-imcufidem\/","title":{"rendered":"T\u00edtulo V &#8211; IMCUFIDEM"},"content":{"rendered":"\t\t<div data-elementor-type=\"wp-page\" data-elementor-id=\"6719\" class=\"elementor elementor-6719\">\n\t\t\t\t\t\t\t        <section class=\"elementor-section elementor-top-section elementor-element elementor-element-8c82e3c elementor-section-boxed elementor-section-height-default elementor-section-height-default ct-header-fixed-none\" data-id=\"8c82e3c\" data-element_type=\"section\">\n            \n                        <div class=\"elementor-container elementor-column-gap-extended \">\n                    <div class=\"elementor-column elementor-col-50 elementor-top-column elementor-element elementor-element-ef1fd47\" data-id=\"ef1fd47\" data-element_type=\"column\">\n            <div class=\"elementor-widget-wrap elementor-element-populated\">\n                        \t\t<div class=\"elementor-element elementor-element-29a6457 elementor-widget elementor-widget-ct_heading\" data-id=\"29a6457\" data-element_type=\"widget\" data-widget_type=\"ct_heading.default\">\n\t\t\t\t<div class=\"elementor-widget-container\">\n\t\t\t<div class=\"ct-heading h-align-  sub- ct-heading-left item-st-line-left1\">\r\n\t    <h3 class=\"item--title st-line-left1 \" data-wow-delay=\"ms\">\r\n                <span class=\"sp-main\">\r\n                            <i><\/i>\r\n            \r\n            T\u00edtulo V\r\n            \r\n                    <\/span>\r\n            <\/h3>\r\n<\/div>\t\t<\/div>\n\t\t\t\t<\/div>\n\t\t        <section class=\"elementor-section elementor-inner-section elementor-element elementor-element-c9a743d elementor-section-boxed elementor-section-height-default elementor-section-height-default ct-header-fixed-none\" data-id=\"c9a743d\" data-element_type=\"section\">\n            \n                        <div class=\"elementor-container elementor-column-gap-extended \">\n                    <div class=\"elementor-column elementor-col-100 elementor-inner-column elementor-element elementor-element-6dcec9e\" data-id=\"6dcec9e\" data-element_type=\"column\">\n            <div class=\"elementor-widget-wrap elementor-element-populated\">\n                        \t\t<div class=\"elementor-element elementor-element-a88f483 elementor-widget elementor-widget-text-editor\" data-id=\"a88f483\" data-element_type=\"widget\" data-widget_type=\"text-editor.default\">\n\t\t\t\t<div class=\"elementor-widget-container\">\n\t\t\t<style>\/*! elementor - v3.6.2 - 04-04-2022 *\/\n.elementor-widget-text-editor.elementor-drop-cap-view-stacked .elementor-drop-cap{background-color:#818a91;color:#fff}.elementor-widget-text-editor.elementor-drop-cap-view-framed .elementor-drop-cap{color:#818a91;border:3px solid;background-color:transparent}.elementor-widget-text-editor:not(.elementor-drop-cap-view-default) .elementor-drop-cap{margin-top:8px}.elementor-widget-text-editor:not(.elementor-drop-cap-view-default) .elementor-drop-cap-letter{width:1em;height:1em}.elementor-widget-text-editor .elementor-drop-cap{float:left;text-align:center;line-height:1;font-size:50px}.elementor-widget-text-editor .elementor-drop-cap-letter{display:inline-block}<\/style>\t\t\t\t<p>LEY GENERAL DE CONTABILIDAD GUBERNAMENTAL, PARA TRANSPARENTAR Y ARMONIZAR LA INFORMACI\u00d3N FINANCIERA RELATIVA A LA APLICACI\u00d3N DE RECURSOS P\u00daBLICOS EN LOS DISTINTOS \u00d3RDENES DE GOBIERNO TRIMESTRAL<\/p><p>En cumplimiento a lo establecido en los art\u00edculos 56 al 83 de la Ley General de Contabilidad Gubernamental se publica la siguiente informaci\u00f3n para conocimiento p\u00fablico:<\/p>\t\t\t\t\t\t<\/div>\n\t\t\t\t<\/div>\n\t\t\t\t<div class=\"elementor-element elementor-element-35e2077 elementor-widget elementor-widget-text-editor\" data-id=\"35e2077\" data-element_type=\"widget\" data-widget_type=\"text-editor.default\">\n\t\t\t\t<div class=\"elementor-widget-container\">\n\t\t\t\t\t\t\t<h4>2022<\/h4><ul><li>Primer Trimestre\u00a0<\/li><li>Segundo Trimestre\u00a0<\/li><li><a href=\"https:\/\/mexicaltzingo.gob.mx\/2022\/tercer-trimestre-2022-titulo-v-imcufide\/\">Tercer Trimestre (Clic para Ver)<\/a><\/li><li><a href=\"https:\/\/mexicaltzingo.gob.mx\/2022\/cuarto-trimestre-2022-titulo-v-imcufide\/\">Cuarto Trimestre (Clic para Ver)<\/a><\/li><\/ul>\t\t\t\t\t\t<\/div>\n\t\t\t\t<\/div>\n\t\t\t\t<div class=\"elementor-element elementor-element-07f7063 elementor-widget elementor-widget-text-editor\" data-id=\"07f7063\" data-element_type=\"widget\" data-widget_type=\"text-editor.default\">\n\t\t\t\t<div class=\"elementor-widget-container\">\n\t\t\t\t\t\t\t<h4>2023<\/h4><ul><li><a href=\"https:\/\/mexicaltzingo.gob.mx\/2022\/primer-trimestre-2023-titulo-v-imcufidem\/\" rel=\"noopener\">Primer Trimestre (Clic para Ver)<\/a><\/li><li><a href=\"https:\/\/www.mexicaltzingo.gob.mx\/2022\/segundo-trimestre-2023-titulo-v-imcufidem\/\">Segundo Trimestre (Clic para Ver)<\/a><\/li><li><a href=\"https:\/\/mexicaltzingo.gob.mx\/2022\/tercer-trimestre-2023-titulo-v-imcufidem\/\">Tercer Trimestre (Clic para Ver)<\/a><\/li><li>Cuarto Trimestre (Clic para Ver)<\/li><\/ul>\t\t\t\t\t\t<\/div>\n\t\t\t\t<\/div>\n\t\t\t\t<div class=\"elementor-element elementor-element-09d0260 elementor-widget elementor-widget-text-editor\" data-id=\"09d0260\" data-element_type=\"widget\" data-widget_type=\"text-editor.default\">\n\t\t\t\t<div class=\"elementor-widget-container\">\n\t\t\t\t\t\t\t<h4>2024<\/h4><ul><li><a href=\"https:\/\/mexicaltzingo.gob.mx\/2022\/primer-trimestre-2024-titulo-v-imcufidem\/\">Primer Trimestre (Clic para Ver)<\/a><\/li><li><a href=\"https:\/\/mexicaltzingo.gob.mx\/2022\/segundo-trimestre-2024-titulo-v-imcufidem\/\">Segundo Trimestre (Clic para Ver)<\/a><\/li><li><a href=\"https:\/\/mexicaltzingo.gob.mx\/2022\/tercer-trimestre-2024-titulo-v-imcufidem\/\">Tercer Trimestre (Clic para Ver)<\/a><\/li><li><a href=\"https:\/\/mexicaltzingo.gob.mx\/2022\/cuarto-trimestre-2024-titulo-v-imcufidem\/\">Cuarto Trimestre (Clic para Ver)<\/a><\/li><\/ul>\t\t\t\t\t\t<\/div>\n\t\t\t\t<\/div>\n\t\t\t\t<div class=\"elementor-element elementor-element-811783f elementor-widget elementor-widget-image\" data-id=\"811783f\" data-element_type=\"widget\" data-widget_type=\"image.default\">\n\t\t\t\t<div class=\"elementor-widget-container\">\n\t\t\t<style>\/*! elementor - v3.6.2 - 04-04-2022 *\/\n.elementor-widget-image{text-align:center}.elementor-widget-image a{display:inline-block}.elementor-widget-image a img[src$=\".svg\"]{width:48px}.elementor-widget-image img{vertical-align:middle;display:inline-block}<\/style>\t\t\t\t\t\t\t\t\t\t\t\t<img decoding=\"async\" width=\"350\" height=\"1\" src=\"https:\/\/www.mexicaltzingo.gob.mx\/2022\/wp-content\/uploads\/2019\/12\/about-gap.png\" class=\"attachment-full size-full\" alt=\"\" srcset=\"https:\/\/www.mexicaltzingo.gob.mx\/2022\/wp-content\/uploads\/2019\/12\/about-gap.png 350w, https:\/\/www.mexicaltzingo.gob.mx\/2022\/wp-content\/uploads\/2019\/12\/about-gap-150x1.png 150w\" sizes=\"(max-width: 350px) 100vw, 350px\" \/>\t\t\t\t\t\t\t\t\t\t\t\t\t\t\t<\/div>\n\t\t\t\t<\/div>\n\t\t            <\/div>\n        <\/div>\n                            <\/div>\n        <\/section>\n                    <\/div>\n        <\/div>\n                <div class=\"elementor-column elementor-col-50 elementor-top-column elementor-element elementor-element-0868097\" data-id=\"0868097\" data-element_type=\"column\">\n            <div class=\"elementor-widget-wrap elementor-element-populated\">\n                        \t\t<div class=\"elementor-element elementor-element-88129e9 elementor-widget elementor-widget-image\" data-id=\"88129e9\" data-element_type=\"widget\" data-widget_type=\"image.default\">\n\t\t\t\t<div class=\"elementor-widget-container\">\n\t\t\t\t\t\t\t\t\t\t\t\t\t\t\t<img decoding=\"async\" width=\"279\" height=\"177\" src=\"https:\/\/www.mexicaltzingo.gob.mx\/2022\/wp-content\/uploads\/2022\/04\/imcufidem.jpg\" class=\"attachment-full size-full\" alt=\"\" \/>\t\t\t\t\t\t\t\t\t\t\t\t\t\t\t<\/div>\n\t\t\t\t<\/div>\n\t\t            <\/div>\n        <\/div>\n                            <\/div>\n        <\/section>\n        \t\t\t\t\t<\/div>\n\t\t","protected":false},"excerpt":{"rendered":"<p>T\u00edtulo V LEY GENERAL DE CONTABILIDAD GUBERNAMENTAL, PARA TRANSPARENTAR Y ARMONIZAR LA INFORMACI\u00d3N FINANCIERA RELATIVA A LA APLICACI\u00d3N DE RECURSOS P\u00daBLICOS EN LOS DISTINTOS \u00d3RDENES DE GOBIERNO TRIMESTRAL En cumplimiento a lo establecido en los art\u00edculos 56 al 83 de la Ley General de Contabilidad Gubernamental se publica la siguiente informaci\u00f3n para conocimiento p\u00fablico: 2022 [&hellip;]<\/p>\n","protected":false},"author":1,"featured_media":0,"parent":0,"menu_order":0,"comment_status":"closed","ping_status":"closed","template":"","meta":{"footnotes":""},"class_list":["post-6719","page","type-page","status-publish","hentry"],"_links":{"self":[{"href":"https:\/\/www.mexicaltzingo.gob.mx\/2022\/wp-json\/wp\/v2\/pages\/6719","targetHints":{"allow":["GET"]}}],"collection":[{"href":"https:\/\/www.mexicaltzingo.gob.mx\/2022\/wp-json\/wp\/v2\/pages"}],"about":[{"href":"https:\/\/www.mexicaltzingo.gob.mx\/2022\/wp-json\/wp\/v2\/types\/page"}],"author":[{"embeddable":true,"href":"https:\/\/www.mexicaltzingo.gob.mx\/2022\/wp-json\/wp\/v2\/users\/1"}],"replies":[{"embeddable":true,"href":"https:\/\/www.mexicaltzingo.gob.mx\/2022\/wp-json\/wp\/v2\/comments?post=6719"}],"version-history":[{"count":44,"href":"https:\/\/www.mexicaltzingo.gob.mx\/2022\/wp-json\/wp\/v2\/pages\/6719\/revisions"}],"predecessor-version":[{"id":10091,"href":"https:\/\/www.mexicaltzingo.gob.mx\/2022\/wp-json\/wp\/v2\/pages\/6719\/revisions\/10091"}],"wp:attachment":[{"href":"https:\/\/www.mexicaltzingo.gob.mx\/2022\/wp-json\/wp\/v2\/media?parent=6719"}],"curies":[{"name":"wp","href":"https:\/\/api.w.org\/{rel}","templated":true}]}}