{"id":5995,"date":"2022-04-08T15:32:48","date_gmt":"2022-04-08T15:32:48","guid":{"rendered":"https:\/\/mexicaltzingo.gob.mx\/2022\/?page_id=5995"},"modified":"2025-05-13T19:01:26","modified_gmt":"2025-05-13T19:01:26","slug":"titulo-v","status":"publish","type":"page","link":"https:\/\/www.mexicaltzingo.gob.mx\/2022\/titulo-v\/","title":{"rendered":"T\u00edtulo V"},"content":{"rendered":"\t\t<div data-elementor-type=\"wp-page\" data-elementor-id=\"5995\" class=\"elementor elementor-5995\">\n\t\t\t\t\t\t\t        <section class=\"elementor-section elementor-top-section elementor-element elementor-element-225e7e5e elementor-section-boxed elementor-section-height-default elementor-section-height-default ct-header-fixed-none\" data-id=\"225e7e5e\" data-element_type=\"section\">\n            \n                        <div class=\"elementor-container elementor-column-gap-extended \">\n                    <div class=\"elementor-column elementor-col-50 elementor-top-column elementor-element elementor-element-69cd6656\" data-id=\"69cd6656\" data-element_type=\"column\">\n            <div class=\"elementor-widget-wrap elementor-element-populated\">\n                        \t\t<div class=\"elementor-element elementor-element-7665d8d0 elementor-widget elementor-widget-ct_heading\" data-id=\"7665d8d0\" data-element_type=\"widget\" data-widget_type=\"ct_heading.default\">\n\t\t\t\t<div class=\"elementor-widget-container\">\n\t\t\t<div class=\"ct-heading h-align-  sub- ct-heading-left item-st-line-left1\">\r\n\t    <h3 class=\"item--title st-line-left1 \" data-wow-delay=\"ms\">\r\n                <span class=\"sp-main\">\r\n                            <i><\/i>\r\n            \r\n            T\u00edtulo V\r\n            \r\n                    <\/span>\r\n            <\/h3>\r\n<\/div>\t\t<\/div>\n\t\t\t\t<\/div>\n\t\t        <section class=\"elementor-section elementor-inner-section elementor-element elementor-element-162dca14 elementor-section-boxed elementor-section-height-default elementor-section-height-default ct-header-fixed-none\" data-id=\"162dca14\" data-element_type=\"section\">\n            \n                        <div class=\"elementor-container elementor-column-gap-extended \">\n                    <div class=\"elementor-column elementor-col-100 elementor-inner-column elementor-element elementor-element-7e15e93f\" data-id=\"7e15e93f\" data-element_type=\"column\">\n            <div class=\"elementor-widget-wrap elementor-element-populated\">\n                        \t\t<div class=\"elementor-element elementor-element-4fd44105 elementor-widget elementor-widget-text-editor\" data-id=\"4fd44105\" data-element_type=\"widget\" data-widget_type=\"text-editor.default\">\n\t\t\t\t<div class=\"elementor-widget-container\">\n\t\t\t<style>\/*! elementor - v3.6.2 - 04-04-2022 *\/\n.elementor-widget-text-editor.elementor-drop-cap-view-stacked .elementor-drop-cap{background-color:#818a91;color:#fff}.elementor-widget-text-editor.elementor-drop-cap-view-framed .elementor-drop-cap{color:#818a91;border:3px solid;background-color:transparent}.elementor-widget-text-editor:not(.elementor-drop-cap-view-default) .elementor-drop-cap{margin-top:8px}.elementor-widget-text-editor:not(.elementor-drop-cap-view-default) .elementor-drop-cap-letter{width:1em;height:1em}.elementor-widget-text-editor .elementor-drop-cap{float:left;text-align:center;line-height:1;font-size:50px}.elementor-widget-text-editor .elementor-drop-cap-letter{display:inline-block}<\/style>\t\t\t\t<p>LEY GENERAL DE CONTABILIDAD GUBERNAMENTAL, PARA TRANSPARENTAR Y ARMONIZAR LA INFORMACI\u00d3N FINANCIERA RELATIVA A LA APLICACI\u00d3N DE RECURSOS P\u00daBLICOS EN LOS DISTINTOS \u00d3RDENES DE GOBIERNO TRIMESTRAL<\/p><p>En cumplimiento a lo establecido en los art\u00edculos 56 al 83 de la Ley General de Contabilidad Gubernamental se publica la siguiente informaci\u00f3n para conocimiento p\u00fablico:<\/p>\t\t\t\t\t\t<\/div>\n\t\t\t\t<\/div>\n\t\t\t\t<div class=\"elementor-element elementor-element-4b94b0ee elementor-widget elementor-widget-text-editor\" data-id=\"4b94b0ee\" data-element_type=\"widget\" data-widget_type=\"text-editor.default\">\n\t\t\t\t<div class=\"elementor-widget-container\">\n\t\t\t\t\t\t\t<h4>2022<\/h4><ul><li><a href=\"https:\/\/mexicaltzingo.gob.mx\/2022\/primer-trimestre-2022-titulo-v-conac-municipal\/\">Primer Trimestre (Clic para Ver)<\/a><\/li><li><a href=\"https:\/\/mexicaltzingo.gob.mx\/2022\/segundo-trimestre-2022-titulo-v-conac-municipal\/\" rel=\"noopener\">Segundo Trimestre (Clic para Ver)<\/a><\/li><li><a href=\"https:\/\/mexicaltzingo.gob.mx\/2022\/tercer-trimestre-2022-titulo-v-conac-municipal\/\">Tercer Trimestre (Clic para Ver)<\/a><\/li><li><a href=\"https:\/\/mexicaltzingo.gob.mx\/2022\/cuarto-trimestre-2022-titulo-v-conac-municipal\/\" rel=\"noopener\">Cuarto Trimestre (Clic para Ver)<\/a><\/li><\/ul>\t\t\t\t\t\t<\/div>\n\t\t\t\t<\/div>\n\t\t\t\t<div class=\"elementor-element elementor-element-6510fac elementor-widget elementor-widget-text-editor\" data-id=\"6510fac\" data-element_type=\"widget\" data-widget_type=\"text-editor.default\">\n\t\t\t\t<div class=\"elementor-widget-container\">\n\t\t\t\t\t\t\t<h4>2023<\/h4><ul><li><a href=\"https:\/\/mexicaltzingo.gob.mx\/2022\/primer-trimestre-2023-titulo-v-conac-municipal\/\" rel=\"noopener\">Primer Trimestre (Clic para Ver)<\/a><\/li><li><a href=\"https:\/\/www.mexicaltzingo.gob.mx\/2022\/segundo-trimestre-2023-titulo-v-conac-municipal\/\">Segundo Trimestre (Clic para Ver)<\/a><\/li><li><a href=\"https:\/\/mexicaltzingo.gob.mx\/2022\/tercer-trimestre-2023-titulo-v-conac-municipal\/\" rel=\"noopener\">Tercer Trimestre (Clic para Ver)<\/a><\/li><li><a href=\"https:\/\/mexicaltzingo.gob.mx\/2022\/cuarto-trimestre-2023-titulo-v-conac-municipal\/\">Cuarto Trimestre (Clic para Ver)<\/a><\/li><\/ul>\t\t\t\t\t\t<\/div>\n\t\t\t\t<\/div>\n\t\t\t\t<div class=\"elementor-element elementor-element-10aa2f0 elementor-widget elementor-widget-text-editor\" data-id=\"10aa2f0\" data-element_type=\"widget\" data-widget_type=\"text-editor.default\">\n\t\t\t\t<div class=\"elementor-widget-container\">\n\t\t\t\t\t\t\t<h4>2024<\/h4><ul><li><a href=\"https:\/\/mexicaltzingo.gob.mx\/2022\/primer-trimestre-2024-titulo-v-conac-municipal\/\">Primer Trimestre (Clic para Ver)<\/a><\/li><li><a href=\"https:\/\/mexicaltzingo.gob.mx\/2022\/segundo-trimestre-2024-titulo-v-conac-municipal\/\">Segundo Trimestre (Clic para Ver)<\/a><\/li><li><a href=\"https:\/\/mexicaltzingo.gob.mx\/2022\/tercer-trimestre-2024-titulo-v-conac-municipal\/\">Tercer Trimestre (Clic para Ver)<\/a><\/li><li><a href=\"https:\/\/mexicaltzingo.gob.mx\/2022\/cuarto-trimestre-2024-titulo-v-conac-municipal\/\">Cuarto Trimestre (Clic para Ver)<\/a><\/li><\/ul>\t\t\t\t\t\t<\/div>\n\t\t\t\t<\/div>\n\t\t\t\t<div class=\"elementor-element elementor-element-74977eab elementor-widget elementor-widget-image\" data-id=\"74977eab\" data-element_type=\"widget\" data-widget_type=\"image.default\">\n\t\t\t\t<div class=\"elementor-widget-container\">\n\t\t\t<style>\/*! elementor - v3.6.2 - 04-04-2022 *\/\n.elementor-widget-image{text-align:center}.elementor-widget-image a{display:inline-block}.elementor-widget-image a img[src$=\".svg\"]{width:48px}.elementor-widget-image img{vertical-align:middle;display:inline-block}<\/style>\t\t\t\t\t\t\t\t\t\t\t\t<img decoding=\"async\" width=\"350\" height=\"1\" src=\"https:\/\/www.mexicaltzingo.gob.mx\/2022\/wp-content\/uploads\/2019\/12\/about-gap.png\" class=\"attachment-full size-full\" alt=\"\" srcset=\"https:\/\/www.mexicaltzingo.gob.mx\/2022\/wp-content\/uploads\/2019\/12\/about-gap.png 350w, https:\/\/www.mexicaltzingo.gob.mx\/2022\/wp-content\/uploads\/2019\/12\/about-gap-150x1.png 150w\" sizes=\"(max-width: 350px) 100vw, 350px\" \/>\t\t\t\t\t\t\t\t\t\t\t\t\t\t\t<\/div>\n\t\t\t\t<\/div>\n\t\t            <\/div>\n        <\/div>\n                            <\/div>\n        <\/section>\n                    <\/div>\n        <\/div>\n                <div class=\"elementor-column elementor-col-50 elementor-top-column elementor-element elementor-element-380af26c\" data-id=\"380af26c\" data-element_type=\"column\">\n            <div class=\"elementor-widget-wrap elementor-element-populated\">\n                        \t\t<div class=\"elementor-element elementor-element-7493a24c elementor-widget elementor-widget-image\" data-id=\"7493a24c\" data-element_type=\"widget\" data-widget_type=\"image.default\">\n\t\t\t\t<div class=\"elementor-widget-container\">\n\t\t\t\t\t\t\t\t\t\t\t\t\t\t\t<img decoding=\"async\" width=\"450\" height=\"450\" src=\"https:\/\/www.mexicaltzingo.gob.mx\/2022\/wp-content\/uploads\/2022\/04\/titulo-v-conac.jpg\" class=\"attachment-full size-full\" alt=\"\" srcset=\"https:\/\/www.mexicaltzingo.gob.mx\/2022\/wp-content\/uploads\/2022\/04\/titulo-v-conac.jpg 450w, https:\/\/www.mexicaltzingo.gob.mx\/2022\/wp-content\/uploads\/2022\/04\/titulo-v-conac-300x300.jpg 300w, https:\/\/www.mexicaltzingo.gob.mx\/2022\/wp-content\/uploads\/2022\/04\/titulo-v-conac-150x150.jpg 150w\" sizes=\"(max-width: 450px) 100vw, 450px\" \/>\t\t\t\t\t\t\t\t\t\t\t\t\t\t\t<\/div>\n\t\t\t\t<\/div>\n\t\t            <\/div>\n        <\/div>\n                            <\/div>\n        <\/section>\n                <section class=\"elementor-section elementor-top-section elementor-element elementor-element-10f4d47b elementor-section-boxed elementor-section-height-default elementor-section-height-default ct-header-fixed-none\" data-id=\"10f4d47b\" data-element_type=\"section\">\n            \n                        <div class=\"elementor-container elementor-column-gap-extended \">\n                    <div class=\"elementor-column elementor-col-100 elementor-top-column elementor-element elementor-element-55fbc8e5\" data-id=\"55fbc8e5\" data-element_type=\"column\">\n            <div class=\"elementor-widget-wrap elementor-element-populated\">\n                        \t\t<div class=\"elementor-element elementor-element-7f322698 elementor-widget elementor-widget-ct_cta\" data-id=\"7f322698\" data-element_type=\"widget\" data-widget_type=\"ct_cta.default\">\n\t\t\t\t<div class=\"elementor-widget-container\">\n\t\t\t<div class=\"ct-cta1 \">\r\n            <div class=\"item--holder\">\r\n            <span class=\"item--title\">Administraci\u00f3n 2019<\/span>\r\n            <span class=\"item--desc\"><\/span>\r\n        <\/div>\r\n                <div class=\"item--button\">\r\n            <a class=\"btn btn-default\" href=\"https:\/\/mexicaltzingo.gob.mx\/2019\/\" target=\"_blank\">\r\n                                    <i aria-hidden=\"true\" class=\"flaticonv7 flaticonv7-magnifying-glass\"><\/i>                                Ver            <\/a>\r\n        <\/div>\r\n    <\/div>\r\n\t\t<\/div>\n\t\t\t\t<\/div>\n\t\t            <\/div>\n        <\/div>\n                            <\/div>\n        <\/section>\n                <section class=\"elementor-section elementor-top-section elementor-element elementor-element-30e3af60 elementor-section-stretched elementor-section-boxed elementor-section-height-default elementor-section-height-default ct-header-fixed-none\" data-id=\"30e3af60\" data-element_type=\"section\" data-settings=\"{&quot;stretch_section&quot;:&quot;section-stretched&quot;,&quot;background_background&quot;:&quot;classic&quot;}\">\n            \n                        <div class=\"elementor-container elementor-column-gap-extended \">\n                    <div class=\"elementor-column elementor-col-100 elementor-top-column elementor-element elementor-element-7187b5\" data-id=\"7187b5\" data-element_type=\"column\">\n            <div class=\"elementor-widget-wrap elementor-element-populated\">\n                        \t\t<div class=\"elementor-element elementor-element-4d2ee763 elementor-widget elementor-widget-ct_clients_list\" data-id=\"4d2ee763\" data-element_type=\"widget\" data-widget_type=\"ct_clients_list.default\">\n\t\t\t\t<div class=\"elementor-widget-container\">\n\t\t\t    <div class=\"ct-client1 ct-slick-slider style1\">\r\n        <div class=\"ct-clients-list-inner\">\r\n            <div class=\"ct-slick-carousel\" data-arrows=\"\" data-dots=\"\" data-pauseOnHover=\"\" data-autoplay=\"true\" data-autoplaySpeed=\"8000\" data-infinite=\"true\" data-speed=\"800\" data-colxs=\"1\" data-colsm=\"3\" data-colmd=\"4\" data-collg=\"4\" data-colxl=\"4\" data-dir=\"false\" data-slidesToScroll=\"1\">\r\n                                        <div class=\"slick-slide\">\r\n                            <div class=\"client-image \">\r\n                                <a href=\"#\">\r\n                                    <img decoding=\"async\" width=\"279\" height=\"177\" src=\"https:\/\/www.mexicaltzingo.gob.mx\/2022\/wp-content\/uploads\/2022\/04\/dif.jpg\" class=\"ct-thumb-1 attachment-full\" alt=\"\" \/>                                                                    <\/a>\r\n                            <\/div>\r\n                        <\/div>\r\n                                                            <div class=\"slick-slide\">\r\n                            <div class=\"client-image \">\r\n                                <a href=\"#\">\r\n                                    <img decoding=\"async\" width=\"279\" height=\"177\" src=\"https:\/\/www.mexicaltzingo.gob.mx\/2022\/wp-content\/uploads\/2022\/04\/imcufidem.jpg\" class=\"ct-thumb-1 attachment-full\" alt=\"\" \/>                                                                    <\/a>\r\n                            <\/div>\r\n                        <\/div>\r\n                                                            <div class=\"slick-slide\">\r\n                            <div class=\"client-image \">\r\n                                <a href=\"#\">\r\n                                    <img decoding=\"async\" width=\"279\" height=\"177\" src=\"https:\/\/www.mexicaltzingo.gob.mx\/2022\/wp-content\/uploads\/2022\/04\/casa-cultura.jpg\" class=\"ct-thumb-1 attachment-full\" alt=\"\" \/>                                                                    <\/a>\r\n                            <\/div>\r\n                        <\/div>\r\n                                                            <div class=\"slick-slide\">\r\n                            <div class=\"client-image \">\r\n                                <a href=\"#\">\r\n                                    <img decoding=\"async\" width=\"279\" height=\"177\" src=\"https:\/\/www.mexicaltzingo.gob.mx\/2022\/wp-content\/uploads\/2022\/04\/policia-municipal.jpg\" class=\"ct-thumb-1 attachment-full\" alt=\"\" \/>                                                                    <\/a>\r\n                            <\/div>\r\n                        <\/div>\r\n                                                <\/div>\r\n        <\/div>\r\n    <\/div>\r\n\t\t<\/div>\n\t\t\t\t<\/div>\n\t\t            <\/div>\n        <\/div>\n                            <\/div>\n        <\/section>\n        \t\t\t\t\t<\/div>\n\t\t","protected":false},"excerpt":{"rendered":"<p>T\u00edtulo V LEY GENERAL DE CONTABILIDAD GUBERNAMENTAL, PARA TRANSPARENTAR Y ARMONIZAR LA INFORMACI\u00d3N FINANCIERA RELATIVA A LA APLICACI\u00d3N DE RECURSOS P\u00daBLICOS EN LOS DISTINTOS \u00d3RDENES DE GOBIERNO TRIMESTRAL En cumplimiento a lo establecido en los art\u00edculos 56 al 83 de la Ley General de Contabilidad Gubernamental se publica la siguiente informaci\u00f3n para conocimiento p\u00fablico: 2022 [&hellip;]<\/p>\n","protected":false},"author":1,"featured_media":0,"parent":0,"menu_order":0,"comment_status":"closed","ping_status":"closed","template":"","meta":{"footnotes":""},"class_list":["post-5995","page","type-page","status-publish","hentry"],"_links":{"self":[{"href":"https:\/\/www.mexicaltzingo.gob.mx\/2022\/wp-json\/wp\/v2\/pages\/5995","targetHints":{"allow":["GET"]}}],"collection":[{"href":"https:\/\/www.mexicaltzingo.gob.mx\/2022\/wp-json\/wp\/v2\/pages"}],"about":[{"href":"https:\/\/www.mexicaltzingo.gob.mx\/2022\/wp-json\/wp\/v2\/types\/page"}],"author":[{"embeddable":true,"href":"https:\/\/www.mexicaltzingo.gob.mx\/2022\/wp-json\/wp\/v2\/users\/1"}],"replies":[{"embeddable":true,"href":"https:\/\/www.mexicaltzingo.gob.mx\/2022\/wp-json\/wp\/v2\/comments?post=5995"}],"version-history":[{"count":74,"href":"https:\/\/www.mexicaltzingo.gob.mx\/2022\/wp-json\/wp\/v2\/pages\/5995\/revisions"}],"predecessor-version":[{"id":10079,"href":"https:\/\/www.mexicaltzingo.gob.mx\/2022\/wp-json\/wp\/v2\/pages\/5995\/revisions\/10079"}],"wp:attachment":[{"href":"https:\/\/www.mexicaltzingo.gob.mx\/2022\/wp-json\/wp\/v2\/media?parent=5995"}],"curies":[{"name":"wp","href":"https:\/\/api.w.org\/{rel}","templated":true}]}}