{"id":10099,"date":"2025-05-29T22:46:35","date_gmt":"2025-05-29T22:46:35","guid":{"rendered":"https:\/\/www.mexicaltzingo.gob.mx\/2022\/?page_id=10099"},"modified":"2025-05-29T22:47:05","modified_gmt":"2025-05-29T22:47:05","slug":"cuenta-publica-municipal-2023","status":"publish","type":"page","link":"https:\/\/www.mexicaltzingo.gob.mx\/2022\/cuenta-publica-municipal-2023\/","title":{"rendered":"Cuenta P\u00fablica Municipal 2023"},"content":{"rendered":"\t\t<div data-elementor-type=\"wp-page\" data-elementor-id=\"10099\" class=\"elementor elementor-10099\">\n\t\t\t\t\t\t\t        <section class=\"elementor-section elementor-top-section elementor-element elementor-element-417dcbb elementor-section-boxed elementor-section-height-default elementor-section-height-default ct-header-fixed-none\" data-id=\"417dcbb\" data-element_type=\"section\">\n            \n                        <div class=\"elementor-container elementor-column-gap-default \">\n                    <div class=\"elementor-column elementor-col-66 elementor-top-column elementor-element elementor-element-f1023b7\" data-id=\"f1023b7\" data-element_type=\"column\">\n            <div class=\"elementor-widget-wrap elementor-element-populated\">\n                        \t\t<div class=\"elementor-element elementor-element-b9964cf elementor-widget elementor-widget-text-editor\" data-id=\"b9964cf\" data-element_type=\"widget\" data-widget_type=\"text-editor.default\">\n\t\t\t\t<div class=\"elementor-widget-container\">\n\t\t\t<style>\/*! elementor - v3.6.2 - 04-04-2022 *\/\n.elementor-widget-text-editor.elementor-drop-cap-view-stacked .elementor-drop-cap{background-color:#818a91;color:#fff}.elementor-widget-text-editor.elementor-drop-cap-view-framed .elementor-drop-cap{color:#818a91;border:3px solid;background-color:transparent}.elementor-widget-text-editor:not(.elementor-drop-cap-view-default) .elementor-drop-cap{margin-top:8px}.elementor-widget-text-editor:not(.elementor-drop-cap-view-default) .elementor-drop-cap-letter{width:1em;height:1em}.elementor-widget-text-editor .elementor-drop-cap{float:left;text-align:center;line-height:1;font-size:50px}.elementor-widget-text-editor .elementor-drop-cap-letter{display:inline-block}<\/style>\t\t\t\t<h3>2023<\/h3>\t\t\t\t\t\t<\/div>\n\t\t\t\t<\/div>\n\t\t\t\t<div class=\"elementor-element elementor-element-df9a8d5 elementor-widget elementor-widget-accordion\" data-id=\"df9a8d5\" data-element_type=\"widget\" data-widget_type=\"accordion.default\">\n\t\t\t\t<div class=\"elementor-widget-container\">\n\t\t\t<style>\/*! elementor - v3.6.2 - 04-04-2022 *\/\n.elementor-accordion{text-align:left}.elementor-accordion .elementor-accordion-item{border:1px solid #d4d4d4}.elementor-accordion .elementor-accordion-item+.elementor-accordion-item{border-top:none}.elementor-accordion .elementor-tab-title{margin:0;padding:15px 20px;font-weight:700;line-height:1;cursor:pointer;outline:none}.elementor-accordion .elementor-tab-title .elementor-accordion-icon{display:inline-block;width:1.5em}.elementor-accordion .elementor-tab-title .elementor-accordion-icon svg{width:1em;height:1em}.elementor-accordion .elementor-tab-title .elementor-accordion-icon.elementor-accordion-icon-right{float:right;text-align:right}.elementor-accordion .elementor-tab-title .elementor-accordion-icon.elementor-accordion-icon-left{float:left;text-align:left}.elementor-accordion .elementor-tab-title .elementor-accordion-icon .elementor-accordion-icon-closed{display:block}.elementor-accordion .elementor-tab-title .elementor-accordion-icon .elementor-accordion-icon-opened,.elementor-accordion .elementor-tab-title.elementor-active .elementor-accordion-icon-closed{display:none}.elementor-accordion .elementor-tab-title.elementor-active .elementor-accordion-icon-opened{display:block}.elementor-accordion .elementor-tab-content{display:none;padding:15px 20px;border-top:1px solid #d4d4d4}@media (max-width:767px){.elementor-accordion .elementor-tab-title{padding:12px 15px}.elementor-accordion .elementor-tab-title .elementor-accordion-icon{width:1.2em}.elementor-accordion .elementor-tab-content{padding:7px 15px}}<\/style>\t\t<div class=\"elementor-accordion\" role=\"tablist\">\n\t\t\t\t\t\t\t<div class=\"elementor-accordion-item\">\n\t\t\t\t\t<div id=\"elementor-tab-title-2341\" class=\"elementor-tab-title\" data-tab=\"1\" role=\"tab\" aria-controls=\"elementor-tab-content-2341\" aria-expanded=\"false\">\n\t\t\t\t\t\t\t\t\t\t\t\t\t<span class=\"elementor-accordion-icon elementor-accordion-icon-left\" aria-hidden=\"true\">\n\t\t\t\t\t\t\t\t\t\t\t\t\t\t\t<span class=\"elementor-accordion-icon-closed\"><i class=\"fas fa-plus\"><\/i><\/span>\n\t\t\t\t\t\t\t\t<span class=\"elementor-accordion-icon-opened\"><i class=\"fas fa-minus\"><\/i><\/span>\n\t\t\t\t\t\t\t\t\t\t\t\t\t\t<\/span>\n\t\t\t\t\t\t\t\t\t\t\t\t<a class=\"elementor-accordion-title\" href=\"\">Disciplina Financiera<\/a>\n\t\t\t\t\t<\/div>\n\t\t\t\t\t<div id=\"elementor-tab-content-2341\" class=\"elementor-tab-content elementor-clearfix\" data-tab=\"1\" role=\"tabpanel\" aria-labelledby=\"elementor-tab-title-2341\"><ul><li><a href=\"https:\/\/mexicaltzingo.gob.mx\/2022\/wp-content\/uploads\/2024\/08\/Balance-Presupuestario-LDF.pdf\" target=\"_blank\" rel=\"noopener\">Balance Presupuestario<\/a><\/li><li><a href=\"https:\/\/mexicaltzingo.gob.mx\/2022\/wp-content\/uploads\/2024\/08\/Estado-Analitico-del-Ejercicio-del-Presupuesto-de-Egresos-Detallado-LDF-Clasificacion-de-Servicios-Personales-por-Categoria.pdf\" target=\"_blank\" rel=\"noopener\">Estado Anal\u00edtico del Ejercicio del Presupuesto de Egresos Detallado &#8211; LDF \/ Clasificaci\u00f3n \u00a0de Servicios Personales por Categor\u00eda (pesos)\u00a0<\/a><\/li><li><a href=\"https:\/\/mexicaltzingo.gob.mx\/2022\/wp-content\/uploads\/2024\/08\/Estado-Analitico-del-Ejercicio-del-Presupuesto-de-Egresos-Detallado-LDF-Clasificacion-por-Objeto-de-Gasto-Capitulo-y-Concepto.pdf\" target=\"_blank\" rel=\"noopener\">Estado Anal\u00edtico del Ejercicio del Presupuesto de Egresos Detallado &#8211; LDF \/ Clasificaci\u00f3n por Objeto de Gasto (Cap\u00edtulo y Concepto)<\/a><\/li><li><a href=\"https:\/\/mexicaltzingo.gob.mx\/2022\/wp-content\/uploads\/2024\/08\/Estado-Analitico-de-Ingresos-Detallado-\u2013-LDF.pdf\" target=\"_blank\" rel=\"noopener\">Estado Anal\u00edtico de Ingresos Detallado &#8211; LDF<\/a><\/li><li><a href=\"https:\/\/mexicaltzingo.gob.mx\/2022\/wp-content\/uploads\/2024\/08\/Estado-de-Situacion-Financiera-Detallado-\u2013-LDF.pdf\" target=\"_blank\" rel=\"noopener\">Estado de Situaci\u00f3n Financiera Detallado &#8211; LDF<\/a><\/li><\/ul><\/div>\n\t\t\t\t<\/div>\n\t\t\t\t\t\t\t<div class=\"elementor-accordion-item\">\n\t\t\t\t\t<div id=\"elementor-tab-title-2342\" class=\"elementor-tab-title\" data-tab=\"2\" role=\"tab\" aria-controls=\"elementor-tab-content-2342\" aria-expanded=\"false\">\n\t\t\t\t\t\t\t\t\t\t\t\t\t<span class=\"elementor-accordion-icon elementor-accordion-icon-left\" aria-hidden=\"true\">\n\t\t\t\t\t\t\t\t\t\t\t\t\t\t\t<span class=\"elementor-accordion-icon-closed\"><i class=\"fas fa-plus\"><\/i><\/span>\n\t\t\t\t\t\t\t\t<span class=\"elementor-accordion-icon-opened\"><i class=\"fas fa-minus\"><\/i><\/span>\n\t\t\t\t\t\t\t\t\t\t\t\t\t\t<\/span>\n\t\t\t\t\t\t\t\t\t\t\t\t<a class=\"elementor-accordion-title\" href=\"\">Estados Financieros<\/a>\n\t\t\t\t\t<\/div>\n\t\t\t\t\t<div id=\"elementor-tab-content-2342\" class=\"elementor-tab-content elementor-clearfix\" data-tab=\"2\" role=\"tabpanel\" aria-labelledby=\"elementor-tab-title-2342\"><ul><li>Estado Anal\u00edtico del Ejercicio del Presupuesto de Egresos \/ Clasificaci\u00f3n por Econ\u00f3mica (por Tipo de Gasto)<\/li><li>Estado Anal\u00edtico del Ejercicio Presupuestal de Egresos \/ Clasificaci\u00f3n Funcional (Finalidad y Funci\u00f3n)<\/li><li>Estado Anal\u00edtico de Ingresos<\/li><li><a href=\"https:\/\/mexicaltzingo.gob.mx\/2022\/wp-content\/uploads\/2024\/08\/Estado-de-Situacion-Financiera-Comparativo.pdf\" target=\"_blank\" rel=\"noopener\">Estado de Situaci\u00f3n Financiera Comparativo<\/a><\/li><li><a href=\"https:\/\/mexicaltzingo.gob.mx\/2022\/wp-content\/uploads\/2024\/08\/Estado-de-Actividades-Comparativo.pdf\" target=\"_blank\" rel=\"noopener\">Estado de Actividades Comparativo<\/a><\/li><li><a href=\"https:\/\/mexicaltzingo.gob.mx\/2022\/wp-content\/uploads\/2024\/08\/Estado-de-Variacion-en-la-Hacienda-Publica.pdf\" target=\"_blank\" rel=\"noopener\">Estado de Variaci\u00f3n en la Hacienda P\u00fablica<\/a><\/li><li><a href=\"https:\/\/mexicaltzingo.gob.mx\/2022\/wp-content\/uploads\/2024\/08\/Estado-Analitico-del-Activo.pdf\" target=\"_blank\" rel=\"noopener\">Estado Anal\u00edtico del Activo<\/a><\/li><li><a href=\"https:\/\/mexicaltzingo.gob.mx\/2022\/wp-content\/uploads\/2024\/08\/Informe-Analitico-de-la-Deuda-Publica-y-Otros-Pasivos.pdf\" target=\"_blank\" rel=\"noopener\">Informe Anal\u00edtico de la Deuda P\u00fablica y Otros Pasivos<\/a><\/li><li><a href=\"https:\/\/mexicaltzingo.gob.mx\/2022\/wp-content\/uploads\/2024\/08\/Estado-de-Cambios-en-la-Situacion-Financiera.pdf\" target=\"_blank\" rel=\"noopener\">Estado de Cambios en la Situaci\u00f3n Financiera<\/a><\/li><li><a href=\"https:\/\/mexicaltzingo.gob.mx\/2022\/wp-content\/uploads\/2024\/08\/Estados-de-Flujo-de-Efectivo.pdf\" target=\"_blank\" rel=\"noopener\">Estados de Flujo de Efectivo<\/a><\/li><li><a href=\"https:\/\/mexicaltzingo.gob.mx\/2022\/wp-content\/uploads\/2024\/08\/Endeudamiento-Neto-3.pdf\" target=\"_blank\" rel=\"noopener\">Endeudamiento Neto<\/a><\/li><li><a href=\"https:\/\/mexicaltzingo.gob.mx\/2022\/wp-content\/uploads\/2024\/08\/Intereses-de-la-Deuda-3.pdf\" target=\"_blank\" rel=\"noopener\">Intereses de la Deuda<\/a><\/li><li><a href=\"https:\/\/mexicaltzingo.gob.mx\/2022\/wp-content\/uploads\/2024\/08\/Notas-a-los-Estados-Financieros.pdf\" target=\"_blank\" rel=\"noopener\">Notas a los Estados Financieros<\/a><\/li><\/ul><\/div>\n\t\t\t\t<\/div>\n\t\t\t\t\t\t\t<div class=\"elementor-accordion-item\">\n\t\t\t\t\t<div id=\"elementor-tab-title-2343\" class=\"elementor-tab-title\" data-tab=\"3\" role=\"tab\" aria-controls=\"elementor-tab-content-2343\" aria-expanded=\"false\">\n\t\t\t\t\t\t\t\t\t\t\t\t\t<span class=\"elementor-accordion-icon elementor-accordion-icon-left\" aria-hidden=\"true\">\n\t\t\t\t\t\t\t\t\t\t\t\t\t\t\t<span class=\"elementor-accordion-icon-closed\"><i class=\"fas fa-plus\"><\/i><\/span>\n\t\t\t\t\t\t\t\t<span class=\"elementor-accordion-icon-opened\"><i class=\"fas fa-minus\"><\/i><\/span>\n\t\t\t\t\t\t\t\t\t\t\t\t\t\t<\/span>\n\t\t\t\t\t\t\t\t\t\t\t\t<a class=\"elementor-accordion-title\" href=\"\">Informaci\u00f3n Presupuestal<\/a>\n\t\t\t\t\t<\/div>\n\t\t\t\t\t<div id=\"elementor-tab-content-2343\" class=\"elementor-tab-content elementor-clearfix\" data-tab=\"3\" role=\"tabpanel\" aria-labelledby=\"elementor-tab-title-2343\"><ul><li><a href=\"https:\/\/mexicaltzingo.gob.mx\/2022\/wp-content\/uploads\/2024\/11\/Estado-Analitico-del-Ejercicio-del-Presupuesto-de-Egresos-Clasificacion-Administrativa.pdf\" target=\"_blank\" rel=\"noopener\">Estado Anal\u00edtico del Ejercicio del Presupuesto de Egresos \/ Clasificaci\u00f3n Administrativa<\/a><\/li><li><a href=\"https:\/\/mexicaltzingo.gob.mx\/2022\/wp-content\/uploads\/2024\/11\/Estado-Analitico-del-Ejercicio-del-Presupuesto-de-Egresos-Clasificacion-Economica-por-Tipo-de-Gasto.pdf\" target=\"_blank\" rel=\"noopener\">Estado Anal\u00edtico del Ejercicio del Presupuesto de Egresos \/ Clasificaci\u00f3n Econ\u00f3mica ( por Tipo de Gasto)<\/a><\/li><li><a href=\"https:\/\/mexicaltzingo.gob.mx\/2022\/wp-content\/uploads\/2024\/11\/Estado-Analitico-del-Ejercicio-del-Presupuesto-de-Egresos-Clasificacion-Funcional-Finalidad-y-Funcion.pdf\" target=\"_blank\" rel=\"noopener\">Estado Anal\u00edtico del Ejercicio del Presupuesto de Egresos \/ Clasificaci\u00f3n Funcional ( Finalidad y Funci\u00f3n)<\/a><\/li><li><a href=\"https:\/\/mexicaltzingo.gob.mx\/2022\/wp-content\/uploads\/2024\/11\/Estado-Analitico-del-Ejercicio-del-Presupuesto-de-Egresos-Integrado-Clasificacion-por-Objeto-del-Gasto.pdf\" target=\"_blank\" rel=\"noopener\">Estado Anal\u00edtico del Ejercicio del Presupuesto de Egresos \/ Clasificaci\u00f3n Econ\u00f3mica por Objeto de Gasto (Cap\u00edtulo y Concepto)<\/a><\/li><li><a href=\"https:\/\/mexicaltzingo.gob.mx\/2022\/wp-content\/uploads\/2024\/11\/Estado-Analitico-del-Ejercicio-del-Presupuesto-de-Egresos-Clasificacion-Economica-por-Objeto-de-Gasto-Capitulo-y-Concepto.pdf\" target=\"_blank\" rel=\"noopener\">Estado Anal\u00edtico del Ejercicio del Presupuesto de Egresos Clasificaci\u00f3n Econ\u00f3mica por Objeto de Gasto (Cap\u00edtulo y Concepto)<\/a><\/li><li><a href=\"https:\/\/mexicaltzingo.gob.mx\/2022\/wp-content\/uploads\/2024\/11\/Estado-Analitico-de-Ingresos-2.pdf\" target=\"_blank\" rel=\"noopener\">Estado Anal\u00edtico de Ingresos<\/a><\/li><li><a href=\"https:\/\/mexicaltzingo.gob.mx\/2022\/wp-content\/uploads\/2024\/11\/Estado-Analitico-de-Ingresos-Integrado.pdf\" target=\"_blank\" rel=\"noopener\">Estado Anal\u00edtico de Ingresos Integrado<\/a><\/li><li>\u00a0<\/li><\/ul><\/div>\n\t\t\t\t<\/div>\n\t\t\t\t\t\t\t<div class=\"elementor-accordion-item\">\n\t\t\t\t\t<div id=\"elementor-tab-title-2344\" class=\"elementor-tab-title\" data-tab=\"4\" role=\"tab\" aria-controls=\"elementor-tab-content-2344\" aria-expanded=\"false\">\n\t\t\t\t\t\t\t\t\t\t\t\t\t<span class=\"elementor-accordion-icon elementor-accordion-icon-left\" aria-hidden=\"true\">\n\t\t\t\t\t\t\t\t\t\t\t\t\t\t\t<span class=\"elementor-accordion-icon-closed\"><i class=\"fas fa-plus\"><\/i><\/span>\n\t\t\t\t\t\t\t\t<span class=\"elementor-accordion-icon-opened\"><i class=\"fas fa-minus\"><\/i><\/span>\n\t\t\t\t\t\t\t\t\t\t\t\t\t\t<\/span>\n\t\t\t\t\t\t\t\t\t\t\t\t<a class=\"elementor-accordion-title\" href=\"\">Informaci\u00f3n Patrimonial<\/a>\n\t\t\t\t\t<\/div>\n\t\t\t\t\t<div id=\"elementor-tab-content-2344\" class=\"elementor-tab-content elementor-clearfix\" data-tab=\"4\" role=\"tabpanel\" aria-labelledby=\"elementor-tab-title-2344\"><ul><li><a href=\"https:\/\/mexicaltzingo.gob.mx\/2022\/wp-content\/uploads\/2024\/08\/Conciliacion-Fisico-Contable-de-Bienes-Muebles.pdf\" target=\"_blank\" rel=\"noopener\">Conciliaci\u00f3n F\u00edsico-Contable de Bienes Muebles<\/a><\/li><li><a href=\"https:\/\/mexicaltzingo.gob.mx\/2022\/wp-content\/uploads\/2024\/08\/Hoja-de-Trabajo-para-la-Conciliacion-Fisico-Contable-de-los-Bienes-Muebles-Inmuebles.pdf\" target=\"_blank\" rel=\"noopener\">Hoja de Trabajo para la Conciliaci\u00f3n F\u00edsico Contable de los Bienes Muebles<\/a><\/li><li>Informe Anual de Construcciones en Proceso<\/li><li>Informe de Obras Programadas y Ejecutadas<\/li><li><a href=\"https:\/\/mexicaltzingo.gob.mx\/2022\/wp-content\/uploads\/2024\/08\/Inventario-de-Bienes-Muebles.pdf\" target=\"_blank\" rel=\"noopener\">Inventario de Bienes Muebles<\/a><\/li><li><a href=\"https:\/\/mexicaltzingo.gob.mx\/2022\/wp-content\/uploads\/2024\/08\/Inventario-de-Bienes-Inmuebles.pdf\" target=\"_blank\" rel=\"noopener\">Inventario de Bienes Inmuebles<\/a><\/li><li><a href=\"https:\/\/mexicaltzingo.gob.mx\/2022\/wp-content\/uploads\/2024\/08\/Reporte-de-Altas-y-Bajas-de-Bienes-Inmuebles.pdf\" target=\"_blank\" rel=\"noopener\">Reporte de Altas y Bajas de Bienes Inmuebles<\/a><\/li><li><a href=\"https:\/\/mexicaltzingo.gob.mx\/2022\/wp-content\/uploads\/2024\/08\/Reporte-de-Altas-y-Bajas-de-Bienes-Muebles.pdf\" target=\"_blank\" rel=\"noopener\">Reporte de Altas y Bajas de Bienes Muebles<\/a><\/li><\/ul><\/div>\n\t\t\t\t<\/div>\n\t\t\t\t\t\t\t\t<\/div>\n\t\t\t\t<\/div>\n\t\t\t\t<\/div>\n\t\t            <\/div>\n        <\/div>\n                <div class=\"elementor-column elementor-col-33 elementor-top-column elementor-element elementor-element-a9f3815\" data-id=\"a9f3815\" data-element_type=\"column\">\n            <div class=\"elementor-widget-wrap\">\n                                    <\/div>\n        <\/div>\n                            <\/div>\n        <\/section>\n        \t\t\t\t\t<\/div>\n\t\t","protected":false},"excerpt":{"rendered":"<p>2023 Disciplina Financiera Balance Presupuestario Estado Anal\u00edtico del Ejercicio del Presupuesto de Egresos Detallado &#8211; LDF \/ Clasificaci\u00f3n \u00a0de Servicios Personales por Categor\u00eda (pesos)\u00a0 Estado Anal\u00edtico del Ejercicio del Presupuesto de Egresos Detallado &#8211; LDF \/ Clasificaci\u00f3n por Objeto de Gasto (Cap\u00edtulo y Concepto) Estado Anal\u00edtico de Ingresos Detallado &#8211; LDF Estado de Situaci\u00f3n Financiera [&hellip;]<\/p>\n","protected":false},"author":1,"featured_media":0,"parent":0,"menu_order":0,"comment_status":"closed","ping_status":"closed","template":"","meta":{"footnotes":""},"class_list":["post-10099","page","type-page","status-publish","hentry"],"_links":{"self":[{"href":"https:\/\/www.mexicaltzingo.gob.mx\/2022\/wp-json\/wp\/v2\/pages\/10099","targetHints":{"allow":["GET"]}}],"collection":[{"href":"https:\/\/www.mexicaltzingo.gob.mx\/2022\/wp-json\/wp\/v2\/pages"}],"about":[{"href":"https:\/\/www.mexicaltzingo.gob.mx\/2022\/wp-json\/wp\/v2\/types\/page"}],"author":[{"embeddable":true,"href":"https:\/\/www.mexicaltzingo.gob.mx\/2022\/wp-json\/wp\/v2\/users\/1"}],"replies":[{"embeddable":true,"href":"https:\/\/www.mexicaltzingo.gob.mx\/2022\/wp-json\/wp\/v2\/comments?post=10099"}],"version-history":[{"count":4,"href":"https:\/\/www.mexicaltzingo.gob.mx\/2022\/wp-json\/wp\/v2\/pages\/10099\/revisions"}],"predecessor-version":[{"id":10103,"href":"https:\/\/www.mexicaltzingo.gob.mx\/2022\/wp-json\/wp\/v2\/pages\/10099\/revisions\/10103"}],"wp:attachment":[{"href":"https:\/\/www.mexicaltzingo.gob.mx\/2022\/wp-json\/wp\/v2\/media?parent=10099"}],"curies":[{"name":"wp","href":"https:\/\/api.w.org\/{rel}","templated":true}]}}